{"id":622557,"date":"2025-08-20T18:57:32","date_gmt":"2025-08-20T16:57:32","guid":{"rendered":"https:\/\/lucacastelli.com\/?post_type=product&#038;p=622557"},"modified":"2026-04-14T04:09:30","modified_gmt":"2026-04-14T02:09:30","slug":"pfanner-canvas-warnhose-en-20471-neongelb-copia-copia-copia-copia-copia-copia","status":"publish","type":"product","link":"https:\/\/lucacastelli.com\/de\/produkt\/pfanner-canvas-warnhose-en-20471-neongelb-copia-copia-copia-copia-copia-copia\/","title":{"rendered":"PFANNER Canfull Shorts Zipp2Zipp\u00ae"},"content":{"rendered":"<p>Die StretchFlex\u00ae Canfull Zipp2Zipp\u00ae Shorts sind robuste Arbeitsshorts aus extrem abriebfestem Gewebe. Das Zipp2Zipp\u00ae Taschensystem auf beiden Seiten und die Funktionstasche am rechten Bein bieten ausreichend Stauraum. Die gesamte Shorts ist aus 2Way-Stretchgewebe gefertigt, das f\u00fcr eine komfortable Passform sorgt. F\u00fcr k\u00fchlere Tage empfehlen sich die StretchFlex\u00ae Canfull Zipp2Zipp\u00ae Hosen.<br \/>\n-StretchFlex\u00ae Technologie<br \/>\n-Doppelter Bundverschluss<br \/>\n-Zipp2Zipp\u00ae Taschensystem<br \/>\n-Zollstocktasche und Funktionstasche mit Klettverschluss (rechts)<br \/>\n-Innen verst\u00e4rkte Taschen und YKK-Druckkn\u00f6pfe<br \/>\n-Reflektierende Streifen<br \/>\n-3CON\u00ae Reflex<br \/>\n-Sportlicher Komfort   <\/p>\n<p>Material: 63% Polyester, 34% Baumwolle, 3% Elasthan<\/p>\n","protected":false},"excerpt":{"rendered":"<p>Die StretchFlex\u00ae Canfull Zipp2Zipp\u00ae Shorts sind robuste Arbeitsshorts aus extrem abriebfestem Gewebe. Das Zipp2Zipp\u00ae Taschensystem auf beiden Seiten und die<\/p>\n","protected":false},"featured_media":622483,"template":"","meta":{"_seopress_robots_primary_cat":"none","_seopress_titles_title":"","_seopress_titles_desc":"","_seopress_robots_index":""},"product_brand":[3458],"product_cat":[21,284],"product_tag":[],"class_list":{"0":"post-622557","1":"product","2":"type-product","3":"status-publish","4":"has-post-thumbnail","6":"product_brand-pfanner","7":"product_cat-abbigliamento","8":"product_cat-abbigliamento-da-lavoro","9":"sws-gruppo-no-gruppo-de","10":"sws-conto-ricavi-merci-rivendita-abbigliamento-de","11":"sws-gruppo-iva-iva81-de","13":"first","14":"instock","15":"shipping-taxable","16":"purchasable","17":"product-type-variable","18":"has-default-attributes"},"_links":{"self":[{"href":"https:\/\/lucacastelli.com\/de\/wp-json\/wp\/v2\/product\/622557","targetHints":{"allow":["GET"]}}],"collection":[{"href":"https:\/\/lucacastelli.com\/de\/wp-json\/wp\/v2\/product"}],"about":[{"href":"https:\/\/lucacastelli.com\/de\/wp-json\/wp\/v2\/types\/product"}],"wp:featuredmedia":[{"embeddable":true,"href":"https:\/\/lucacastelli.com\/de\/wp-json\/wp\/v2\/media\/622483"}],"wp:attachment":[{"href":"https:\/\/lucacastelli.com\/de\/wp-json\/wp\/v2\/media?parent=622557"}],"wp:term":[{"taxonomy":"product_brand","embeddable":true,"href":"https:\/\/lucacastelli.com\/de\/wp-json\/wp\/v2\/product_brand?post=622557"},{"taxonomy":"product_cat","embeddable":true,"href":"https:\/\/lucacastelli.com\/de\/wp-json\/wp\/v2\/product_cat?post=622557"},{"taxonomy":"product_tag","embeddable":true,"href":"https:\/\/lucacastelli.com\/de\/wp-json\/wp\/v2\/product_tag?post=622557"}],"curies":[{"name":"wp","href":"https:\/\/api.w.org\/{rel}","templated":true}]}}