{"id":622292,"date":"2025-08-20T18:35:36","date_gmt":"2025-08-20T16:35:36","guid":{"rendered":"https:\/\/lucacastelli.com\/?post_type=product&#038;p=622292"},"modified":"2026-04-14T04:13:54","modified_gmt":"2026-04-14T02:13:54","slug":"pfanner-canvas-warnhose-en-20471-neongelb-copia-copia-copia","status":"publish","type":"product","link":"https:\/\/lucacastelli.com\/de\/produkt\/pfanner-canvas-warnhose-en-20471-neongelb-copia-copia-copia\/","title":{"rendered":"PFANNER Cancool Shorts"},"content":{"rendered":"<p>Die Cancool Arbeitsshorts \u00fcberzeugen durch ihren sportlichen und funktionalen Schnitt sowie zahlreiche praktische Details. Die Zollstocktasche ist nicht aussen angebracht, sondern in die bereits bekannte Zipp2Zipp-Tasche integriert. Der verl\u00e4ngerte R\u00fccken bietet deutlich mehr Komfort und Schutz bei der t\u00e4glichen Arbeit. Die Cancool Shorts sind der perfekte Begleiter f\u00fcr Land- und Forstwirtschaft, Jagd (Reviert\u00e4tigkeiten), Garten- und Landschaftsbau sowie damit verbundene Werkstattarbeiten.<br \/>\n-StretchFlex-Technologie<br \/>\n-Funktionale Zipp2Zipp-Taschen auf beiden Seiten<br \/>\n-Einklappbare Zollstocktasche<br \/>\n-Hosentr\u00e4gerschlaufen<br \/>\n-Reflektierende Streifen<br \/>\n-Innen verst\u00e4rkte Taschen<br \/>\n-3Con Reflex<br \/>\n-Hoher Tragekomfort   <\/p>\n<p>Material: 58% Baumwolle, 39% Polyester, 3% Elasthan<\/p>\n","protected":false},"excerpt":{"rendered":"<p>Die Cancool Arbeitsshorts \u00fcberzeugen durch ihren sportlichen und funktionalen Schnitt sowie zahlreiche praktische Details. Die Zollstocktasche ist nicht aussen angebracht,<\/p>\n","protected":false},"featured_media":622396,"template":"","meta":{"_seopress_robots_primary_cat":"none","_seopress_titles_title":"","_seopress_titles_desc":"","_seopress_robots_index":""},"product_brand":[3670],"product_cat":[1382,82],"product_tag":[],"class_list":{"0":"post-622292","1":"product","2":"type-product","3":"status-publish","4":"has-post-thumbnail","6":"product_brand-pfanner-de","7":"product_cat-arbeitskleidung","8":"product_cat-kleidung","9":"sws-gruppo-no-gruppo-de","10":"sws-conto-ricavi-merci-rivendita-abbigliamento-de","11":"sws-gruppo-iva-iva81-de","13":"first","14":"instock","15":"shipping-taxable","16":"purchasable","17":"product-type-variable","18":"has-default-attributes"},"_links":{"self":[{"href":"https:\/\/lucacastelli.com\/de\/wp-json\/wp\/v2\/product\/622292","targetHints":{"allow":["GET"]}}],"collection":[{"href":"https:\/\/lucacastelli.com\/de\/wp-json\/wp\/v2\/product"}],"about":[{"href":"https:\/\/lucacastelli.com\/de\/wp-json\/wp\/v2\/types\/product"}],"wp:featuredmedia":[{"embeddable":true,"href":"https:\/\/lucacastelli.com\/de\/wp-json\/wp\/v2\/media\/622396"}],"wp:attachment":[{"href":"https:\/\/lucacastelli.com\/de\/wp-json\/wp\/v2\/media?parent=622292"}],"wp:term":[{"taxonomy":"product_brand","embeddable":true,"href":"https:\/\/lucacastelli.com\/de\/wp-json\/wp\/v2\/product_brand?post=622292"},{"taxonomy":"product_cat","embeddable":true,"href":"https:\/\/lucacastelli.com\/de\/wp-json\/wp\/v2\/product_cat?post=622292"},{"taxonomy":"product_tag","embeddable":true,"href":"https:\/\/lucacastelli.com\/de\/wp-json\/wp\/v2\/product_tag?post=622292"}],"curies":[{"name":"wp","href":"https:\/\/api.w.org\/{rel}","templated":true}]}}