{"id":622199,"date":"2025-08-17T17:14:10","date_gmt":"2025-08-17T15:14:10","guid":{"rendered":"https:\/\/lucacastelli.com\/prodotto\/pfanner-fleece-jacke-en-20471-2\/"},"modified":"2025-08-17T17:14:10","modified_gmt":"2025-08-17T15:14:10","slug":"pfanner-fleece-jacke-en-20471-2","status":"publish","type":"product","link":"https:\/\/lucacastelli.com\/de\/produkt\/pfanner-fleece-jacke-en-20471-2\/","title":{"rendered":"Pfanner Fleece Jacke EN 20471"},"content":{"rendered":"<p>Die Zipp2Zipp\u00ae Jobby\u00aeColour Fleecejacke zeichnet sich durch ihre wasserdichten Schultern und den auf der Innenseite eingen\u00e4hten winddichten Stoff aus, wodurch sie f\u00fcr alle Jahreszeiten geeignet ist. Das patentierte Zipp2Zipp\u00ae Taschensystem erm\u00f6glicht das einfache Verstauen von Handy, Notizblock und Stiften. Die Innentasche bietet zus\u00e4tzlichen Platz. Au\u00dferdem kann das KlimaAIR-System mit Klettverschluss verwendet werden, um die Isolationseigenschaften der Jacke zu optimieren.<br \/>\n-EN 20471 \/ Klasse 2<br \/>\n-Zipp2Zipp\u00ae Taschensystem<br \/>\n-Weiches und bequemes Fleece<br \/>\n-Winddicht<br \/>\n-Wasserdichte Verst\u00e4rkung an den Schultern<br \/>\n-Elastisches Mesh-Futter<br \/>\n-Reflektierende Streifen am ganzen Kleidungsst\u00fcck f\u00fcr gute Sichtbarkeit<br \/>\n-KlimaAIR\u00ae-Einsatz (optional)<br \/>\n-Innentasche<br \/>\n-3CON\u00ae reflektierend   <\/p>\n<p>&nbsp;<\/p>\n<p>Material:<br \/>\nAu\u00dfenmaterial: 100% Polyester<br \/>\nFutter: 100% Polyester<br \/>\nNormen:<br \/>\nEN 20471 \/ Klasse 2<\/p>\n","protected":false},"excerpt":{"rendered":"<p>Die Zipp2Zipp\u00ae Jobby\u00aeColour Fleecejacke zeichnet sich durch ihre wasserdichten Schultern und den auf der Innenseite eingen\u00e4hten winddichten Stoff aus, wodurch<\/p>\n","protected":false},"featured_media":615008,"template":"","meta":{"_seopress_robots_primary_cat":"none","_seopress_titles_title":"","_seopress_titles_desc":"","_seopress_robots_index":""},"product_brand":[3458],"product_cat":[21,284,189,190],"product_tag":[],"class_list":{"0":"post-622199","1":"product","2":"type-product","3":"status-publish","4":"has-post-thumbnail","6":"product_brand-pfanner","7":"product_cat-abbigliamento","8":"product_cat-abbigliamento-da-lavoro","9":"product_cat-abbigliamento-per-il-tempo-libero","10":"product_cat-abbigliamento-da-uomo","11":"sws-gruppo-no-gruppo","12":"sws-conto-ricavi-merci-rivendita-abbigliamento","13":"sws-gruppo-iva-iva81","15":"first","16":"instock","17":"shipping-taxable","18":"purchasable","19":"product-type-variable","20":"has-default-attributes"},"_links":{"self":[{"href":"https:\/\/lucacastelli.com\/de\/wp-json\/wp\/v2\/product\/622199","targetHints":{"allow":["GET"]}}],"collection":[{"href":"https:\/\/lucacastelli.com\/de\/wp-json\/wp\/v2\/product"}],"about":[{"href":"https:\/\/lucacastelli.com\/de\/wp-json\/wp\/v2\/types\/product"}],"wp:featuredmedia":[{"embeddable":true,"href":"https:\/\/lucacastelli.com\/de\/wp-json\/wp\/v2\/media\/615008"}],"wp:attachment":[{"href":"https:\/\/lucacastelli.com\/de\/wp-json\/wp\/v2\/media?parent=622199"}],"wp:term":[{"taxonomy":"product_brand","embeddable":true,"href":"https:\/\/lucacastelli.com\/de\/wp-json\/wp\/v2\/product_brand?post=622199"},{"taxonomy":"product_cat","embeddable":true,"href":"https:\/\/lucacastelli.com\/de\/wp-json\/wp\/v2\/product_cat?post=622199"},{"taxonomy":"product_tag","embeddable":true,"href":"https:\/\/lucacastelli.com\/de\/wp-json\/wp\/v2\/product_tag?post=622199"}],"curies":[{"name":"wp","href":"https:\/\/api.w.org\/{rel}","templated":true}]}}