{"id":622054,"date":"2025-08-09T19:50:03","date_gmt":"2025-08-09T17:50:03","guid":{"rendered":"https:\/\/lucacastelli.com\/prodotto\/milwaukee-packout-thermobecher\/"},"modified":"2025-08-09T19:50:03","modified_gmt":"2025-08-09T17:50:03","slug":"milwaukee-packout-thermobecher","status":"publish","type":"product","link":"https:\/\/lucacastelli.com\/de\/produkt\/milwaukee-packout-thermobecher\/","title":{"rendered":"MILWAUKEE PACKOUT Thermobecher"},"content":{"rendered":"<p>PACKOUT Thermobecher 591ML<br \/>\nDoppelte Isolierschicht, um die Temperatur den ganzen Tag lang hei\u00df und kalt zu halten;Magnetverschluss f\u00fcr einfaches \u00d6ffnen;Edelstahl 18\/8 &#8211; 18% Chrom und 8% Nickel;Sp\u00fclmaschinenfest;Kompatibel mit allen PACKOUT\u2122 Systemen<\/p>\n<p>4932479074<br \/>\n4058546368685<\/p>\n","protected":false},"excerpt":{"rendered":"<p>PACKOUT Thermobecher 591ML<\/p>\n","protected":false},"featured_media":543038,"template":"","meta":{"_seopress_robots_primary_cat":"","_seopress_titles_title":"","_seopress_titles_desc":"","_seopress_robots_index":""},"product_brand":[3407],"product_cat":[5416,33],"product_tag":[3270],"class_list":{"0":"post-622054","1":"product","2":"type-product","3":"status-publish","4":"has-post-thumbnail","6":"product_brand-milwaukee","7":"product_cat-utensili-per-officina","8":"product_cat-attrezzature","9":"product_tag-import-milwau","10":"sws-conto-ricavi-merci-rivendita-macchinari-de","11":"sws-gruppo-iva-iva81-de","13":"first","14":"onbackorder","15":"sale","16":"shipping-taxable","17":"purchasable","18":"product-type-simple"},"_links":{"self":[{"href":"https:\/\/lucacastelli.com\/de\/wp-json\/wp\/v2\/product\/622054","targetHints":{"allow":["GET"]}}],"collection":[{"href":"https:\/\/lucacastelli.com\/de\/wp-json\/wp\/v2\/product"}],"about":[{"href":"https:\/\/lucacastelli.com\/de\/wp-json\/wp\/v2\/types\/product"}],"wp:featuredmedia":[{"embeddable":true,"href":"https:\/\/lucacastelli.com\/de\/wp-json\/wp\/v2\/media\/543038"}],"wp:attachment":[{"href":"https:\/\/lucacastelli.com\/de\/wp-json\/wp\/v2\/media?parent=622054"}],"wp:term":[{"taxonomy":"product_brand","embeddable":true,"href":"https:\/\/lucacastelli.com\/de\/wp-json\/wp\/v2\/product_brand?post=622054"},{"taxonomy":"product_cat","embeddable":true,"href":"https:\/\/lucacastelli.com\/de\/wp-json\/wp\/v2\/product_cat?post=622054"},{"taxonomy":"product_tag","embeddable":true,"href":"https:\/\/lucacastelli.com\/de\/wp-json\/wp\/v2\/product_tag?post=622054"}],"curies":[{"name":"wp","href":"https:\/\/api.w.org\/{rel}","templated":true}]}}