{"id":622048,"date":"2025-08-09T19:50:02","date_gmt":"2025-08-09T17:50:02","guid":{"rendered":"https:\/\/lucacastelli.com\/prodotto\/milwaukee-packout-thermogeformt\/"},"modified":"2025-08-09T19:50:02","modified_gmt":"2025-08-09T17:50:02","slug":"milwaukee-packout-thermogeformt","status":"publish","type":"product","link":"https:\/\/lucacastelli.com\/de\/produkt\/milwaukee-packout-thermogeformt\/","title":{"rendered":"MILWAUKEE PACKOUT Thermogeformt"},"content":{"rendered":"<p>HIGH-DENSITY THERMOFORMED SPONGE<br \/>\nVollst\u00e4ndig anpassbar: Der Schaumstoffeinsatz erm\u00f6glicht es dir, den Stauraum komplett individuell zu gestalten, indem du den Schwamm f\u00fcr die Werkzeugaufbewahrung zuschneidest;Robuste Konstruktion zur Erh\u00f6hung des Werkzeugschutzes;Optimiert f\u00fcr die Aufbewahrung aller Arten von Werkzeugen;Design, das in die Tool Box (4932464079), Large Tool Box (4932464080)<\/p>\n<p> 4058546290566<\/p>\n","protected":false},"excerpt":{"rendered":"<p>THERMOGEFORMTER HOCHDICHTER SCHAUMSTOFF<\/p>\n","protected":false},"featured_media":536651,"template":"","meta":{"_seopress_robots_primary_cat":"","_seopress_titles_title":"","_seopress_titles_desc":"","_seopress_robots_index":""},"product_brand":[3407],"product_cat":[5416,33],"product_tag":[3270],"class_list":{"0":"post-622048","1":"product","2":"type-product","3":"status-publish","4":"has-post-thumbnail","6":"product_brand-milwaukee","7":"product_cat-utensili-per-officina","8":"product_cat-attrezzature","9":"product_tag-import-milwau","10":"sws-conto-ricavi-merci-rivendita-macchinari-de","11":"sws-gruppo-iva-iva81-de","13":"first","14":"onbackorder","15":"sale","16":"shipping-taxable","17":"purchasable","18":"product-type-simple"},"_links":{"self":[{"href":"https:\/\/lucacastelli.com\/de\/wp-json\/wp\/v2\/product\/622048","targetHints":{"allow":["GET"]}}],"collection":[{"href":"https:\/\/lucacastelli.com\/de\/wp-json\/wp\/v2\/product"}],"about":[{"href":"https:\/\/lucacastelli.com\/de\/wp-json\/wp\/v2\/types\/product"}],"wp:featuredmedia":[{"embeddable":true,"href":"https:\/\/lucacastelli.com\/de\/wp-json\/wp\/v2\/media\/536651"}],"wp:attachment":[{"href":"https:\/\/lucacastelli.com\/de\/wp-json\/wp\/v2\/media?parent=622048"}],"wp:term":[{"taxonomy":"product_brand","embeddable":true,"href":"https:\/\/lucacastelli.com\/de\/wp-json\/wp\/v2\/product_brand?post=622048"},{"taxonomy":"product_cat","embeddable":true,"href":"https:\/\/lucacastelli.com\/de\/wp-json\/wp\/v2\/product_cat?post=622048"},{"taxonomy":"product_tag","embeddable":true,"href":"https:\/\/lucacastelli.com\/de\/wp-json\/wp\/v2\/product_tag?post=622048"}],"curies":[{"name":"wp","href":"https:\/\/api.w.org\/{rel}","templated":true}]}}