{"id":622044,"date":"2025-08-09T19:49:59","date_gmt":"2025-08-09T17:49:59","guid":{"rendered":"https:\/\/lucacastelli.com\/prodotto\/milwaukee-packout-tiefgezogener-steckschluesselsatz-3-8-und-kombischluessel-55-teile\/"},"modified":"2025-08-09T19:49:59","modified_gmt":"2025-08-09T17:49:59","slug":"milwaukee-packout-tiefgezogener-steckschluesselsatz-3-8-und-kombischluessel-55-teile","status":"publish","type":"product","link":"https:\/\/lucacastelli.com\/de\/produkt\/milwaukee-packout-tiefgezogener-steckschluesselsatz-3-8-und-kombischluessel-55-teile\/","title":{"rendered":"MILWAUKEE PACKOUT tiefgezogener Steckschl\u00fcsselsatz 3\/8&#8221; und Kombischl\u00fcssel &#8211; 55 Teile"},"content":{"rendered":"<p>WAGENHEBER- UND STECKSCHL\u00dcSSELSATZ 3\/8 THERMOF PACKOUT<br \/>\nRatschenmechanismus mit 90 Z\u00e4hnen und einem R\u00fcckstellwinkel von 4\u00b0 (f\u00fcr besseres Arbeiten in engen R\u00e4umen);Die Steckschl\u00fcsseleins\u00e4tze haben vier flache Seiten, um eine Anti-Roll-Funktion zu gew\u00e4hrleisten, auch f\u00fcr den Einsatz von Schraubenschl\u00fcsseln und einen besseren Halt beim Festziehen von Hand.;Die Ratsche bietet einen R\u00fcckstellwinkel von 2,5\u00b0 und eine Z\u00e4hnezahl von 144 f\u00fcr bessere Funktionalit\u00e4t in engen R\u00e4umen.Die Schraubenschl\u00fcssel bieten MAXBITE\u2122 open-end grip mit bis zu 25 % mehr Drehmoment und besserem Halt an abgerundeten Schrauben.;Die klappbaren Sechskant- und Torx-Schl\u00fcssel erm\u00f6glichen einen einfachen Zugang und eine bessere Aufbewahrungsl\u00f6sung.;Der ergonomische Griff bietet einen bequemen und sicheren Halt.;PREMIUM Schaumstoff f\u00fcr erh\u00f6hte Haltbarkeit. Lasergeschnittene Schablonen, roter Hintergrund zur schnellen Erkennung fehlender Werkzeuge.<\/p>\n<p>4932493640<br \/>\n4058546485115<\/p>\n","protected":false},"excerpt":{"rendered":"<p>WAGENHEBER- UND STECKSCHL\u00dcSSELSATZ 3\/8 THERMOF PACKOUT<\/p>\n","protected":false},"featured_media":563038,"template":"","meta":{"_seopress_robots_primary_cat":"","_seopress_titles_title":"","_seopress_titles_desc":"","_seopress_robots_index":""},"product_brand":[3407],"product_cat":[5416,33],"product_tag":[3270],"class_list":{"0":"post-622044","1":"product","2":"type-product","3":"status-publish","4":"has-post-thumbnail","6":"product_brand-milwaukee","7":"product_cat-utensili-per-officina","8":"product_cat-attrezzature","9":"product_tag-import-milwau","10":"sws-conto-ricavi-merci-rivendita-macchinari-de","11":"sws-gruppo-iva-iva81-de","13":"first","14":"onbackorder","15":"sale","16":"shipping-taxable","17":"purchasable","18":"product-type-simple"},"_links":{"self":[{"href":"https:\/\/lucacastelli.com\/de\/wp-json\/wp\/v2\/product\/622044","targetHints":{"allow":["GET"]}}],"collection":[{"href":"https:\/\/lucacastelli.com\/de\/wp-json\/wp\/v2\/product"}],"about":[{"href":"https:\/\/lucacastelli.com\/de\/wp-json\/wp\/v2\/types\/product"}],"wp:featuredmedia":[{"embeddable":true,"href":"https:\/\/lucacastelli.com\/de\/wp-json\/wp\/v2\/media\/563038"}],"wp:attachment":[{"href":"https:\/\/lucacastelli.com\/de\/wp-json\/wp\/v2\/media?parent=622044"}],"wp:term":[{"taxonomy":"product_brand","embeddable":true,"href":"https:\/\/lucacastelli.com\/de\/wp-json\/wp\/v2\/product_brand?post=622044"},{"taxonomy":"product_cat","embeddable":true,"href":"https:\/\/lucacastelli.com\/de\/wp-json\/wp\/v2\/product_cat?post=622044"},{"taxonomy":"product_tag","embeddable":true,"href":"https:\/\/lucacastelli.com\/de\/wp-json\/wp\/v2\/product_tag?post=622044"}],"curies":[{"name":"wp","href":"https:\/\/api.w.org\/{rel}","templated":true}]}}