{"id":622038,"date":"2025-08-09T19:49:56","date_gmt":"2025-08-09T17:49:56","guid":{"rendered":"https:\/\/lucacastelli.com\/prodotto\/milwaukee-packout-thermogeformtes-hydraulikset-8-teile\/"},"modified":"2025-08-09T19:49:56","modified_gmt":"2025-08-09T17:49:56","slug":"milwaukee-packout-thermogeformtes-hydraulikset-8-teile","status":"publish","type":"product","link":"https:\/\/lucacastelli.com\/de\/produkt\/milwaukee-packout-thermogeformtes-hydraulikset-8-teile\/","title":{"rendered":"MILWAUKEE PACKOUT thermogeformtes Hydraulikset &#8211; 8 Teile"},"content":{"rendered":"<p>THERMOFORMED HYDRAULIC SET FOR PACKOUT<br \/>\nZange: doppelt gezahnte Backen f\u00fcr maximalen Grip und induktiv geh\u00e4rtete Z\u00e4hne mit selbstsichernder Verzahnung.;Zange: induktiv geh\u00e4rtete Schneiden f\u00fcr zus\u00e4tzliche Haltbarkeit.;Bogens\u00e4ge: werkzeugloser Blattwechsel, bis zu 10-mal schneller.;Mini-Kupferschneider: verchromte Rollen f\u00fcr zus\u00e4tzliche Haltbarkeit und erweiterte Leistung.;Premium-Schaumstoff f\u00fcr zus\u00e4tzliche Haltbarkeit. Lasergeschnittene Schablonen, roter Hintergrund zur schnellen Erkennung von fehlenden Werkzeugen.<\/p>\n<p>4932493639<br \/>\n4058546485108<\/p>\n","protected":false},"excerpt":{"rendered":"<p>TIEFGEZOGENES HYDRAULIKSET F\u00dcR PACKOUT<\/p>\n","protected":false},"featured_media":563025,"template":"","meta":{"_seopress_robots_primary_cat":"","_seopress_titles_title":"","_seopress_titles_desc":"","_seopress_robots_index":""},"product_brand":[3407],"product_cat":[5416,33],"product_tag":[3270],"class_list":{"0":"post-622038","1":"product","2":"type-product","3":"status-publish","4":"has-post-thumbnail","6":"product_brand-milwaukee","7":"product_cat-utensili-per-officina","8":"product_cat-attrezzature","9":"product_tag-import-milwau","10":"sws-conto-ricavi-merci-rivendita-macchinari-de","11":"sws-gruppo-iva-iva81-de","13":"first","14":"onbackorder","15":"sale","16":"shipping-taxable","17":"purchasable","18":"product-type-simple"},"_links":{"self":[{"href":"https:\/\/lucacastelli.com\/de\/wp-json\/wp\/v2\/product\/622038","targetHints":{"allow":["GET"]}}],"collection":[{"href":"https:\/\/lucacastelli.com\/de\/wp-json\/wp\/v2\/product"}],"about":[{"href":"https:\/\/lucacastelli.com\/de\/wp-json\/wp\/v2\/types\/product"}],"wp:featuredmedia":[{"embeddable":true,"href":"https:\/\/lucacastelli.com\/de\/wp-json\/wp\/v2\/media\/563025"}],"wp:attachment":[{"href":"https:\/\/lucacastelli.com\/de\/wp-json\/wp\/v2\/media?parent=622038"}],"wp:term":[{"taxonomy":"product_brand","embeddable":true,"href":"https:\/\/lucacastelli.com\/de\/wp-json\/wp\/v2\/product_brand?post=622038"},{"taxonomy":"product_cat","embeddable":true,"href":"https:\/\/lucacastelli.com\/de\/wp-json\/wp\/v2\/product_cat?post=622038"},{"taxonomy":"product_tag","embeddable":true,"href":"https:\/\/lucacastelli.com\/de\/wp-json\/wp\/v2\/product_tag?post=622038"}],"curies":[{"name":"wp","href":"https:\/\/api.w.org\/{rel}","templated":true}]}}