{"id":622036,"date":"2025-08-09T19:49:49","date_gmt":"2025-08-09T17:49:49","guid":{"rendered":"https:\/\/lucacastelli.com\/prodotto\/milwaukee-packout-rucksack\/"},"modified":"2025-08-09T19:49:49","modified_gmt":"2025-08-09T17:49:49","slug":"milwaukee-packout-rucksack","status":"publish","type":"product","link":"https:\/\/lucacastelli.com\/de\/produkt\/milwaukee-packout-rucksack\/","title":{"rendered":"MILWAUKEE PACKOUT Rucksack"},"content":{"rendered":"<p>PACKOUT BACKPACK 1pcs<br \/>\nEin integraler Bestandteil des modularen PACKOUT\u2122-Stauraumsystems;Strapazierf\u00e4hige Konstruktion aus 1680D ballistischem Nylon;Gro\u00dfe Ladekapazit\u00e4t &#8211; 48 F\u00e4cher;Schlagfester, starrer Boden sch\u00fctzt den Inhalt vor Wasser und Schmutz und erm\u00f6glicht es der Tasche, so stabil wie m\u00f6glich zu sein;R\u00fcckenpolsterung, Brustgurt, Befestigungsgurt und gepolsterte Gurte f\u00fcr maximalen Komfort<\/p>\n<p>4932471131<br \/>\n4058546287597<\/p>\n","protected":false},"excerpt":{"rendered":"<p>PACKOUT R\u00dcCKSACK 1 Stk.<\/p>\n","protected":false},"featured_media":530843,"template":"","meta":{"_seopress_robots_primary_cat":"","_seopress_titles_title":"","_seopress_titles_desc":"","_seopress_robots_index":""},"product_brand":[3407],"product_cat":[5416,33],"product_tag":[3270],"class_list":{"0":"post-622036","1":"product","2":"type-product","3":"status-publish","4":"has-post-thumbnail","6":"product_brand-milwaukee","7":"product_cat-utensili-per-officina","8":"product_cat-attrezzature","9":"product_tag-import-milwau","10":"sws-conto-ricavi-merci-rivendita-macchinari-de","11":"sws-gruppo-iva-iva81-de","13":"first","14":"onbackorder","15":"sale","16":"shipping-taxable","17":"purchasable","18":"product-type-simple"},"_links":{"self":[{"href":"https:\/\/lucacastelli.com\/de\/wp-json\/wp\/v2\/product\/622036","targetHints":{"allow":["GET"]}}],"collection":[{"href":"https:\/\/lucacastelli.com\/de\/wp-json\/wp\/v2\/product"}],"about":[{"href":"https:\/\/lucacastelli.com\/de\/wp-json\/wp\/v2\/types\/product"}],"wp:featuredmedia":[{"embeddable":true,"href":"https:\/\/lucacastelli.com\/de\/wp-json\/wp\/v2\/media\/530843"}],"wp:attachment":[{"href":"https:\/\/lucacastelli.com\/de\/wp-json\/wp\/v2\/media?parent=622036"}],"wp:term":[{"taxonomy":"product_brand","embeddable":true,"href":"https:\/\/lucacastelli.com\/de\/wp-json\/wp\/v2\/product_brand?post=622036"},{"taxonomy":"product_cat","embeddable":true,"href":"https:\/\/lucacastelli.com\/de\/wp-json\/wp\/v2\/product_cat?post=622036"},{"taxonomy":"product_tag","embeddable":true,"href":"https:\/\/lucacastelli.com\/de\/wp-json\/wp\/v2\/product_tag?post=622036"}],"curies":[{"name":"wp","href":"https:\/\/api.w.org\/{rel}","templated":true}]}}