{"id":622032,"date":"2025-08-09T19:49:48","date_gmt":"2025-08-09T17:49:48","guid":{"rendered":"https:\/\/lucacastelli.com\/prodotto\/milwaukee-packout-thermogeformtes-schneide-und-messset-4-teile\/"},"modified":"2025-08-09T19:49:48","modified_gmt":"2025-08-09T17:49:48","slug":"milwaukee-packout-thermogeformtes-schneide-und-messset-4-teile","status":"publish","type":"product","link":"https:\/\/lucacastelli.com\/de\/produkt\/milwaukee-packout-thermogeformtes-schneide-und-messset-4-teile\/","title":{"rendered":"MILWAUKEE PACKOUT thermogeformtes Schneide- und Messset &#8211; 4 Teile"},"content":{"rendered":"<p>THERMOFPACKOUT SCHNEID- UND MESSSET<br \/>\nWerkzeugloser Klingenwechsel, bis zu 10-mal schneller.;Bis zu 4-mal st\u00e4rkere Metallsicherung am Schnappmesser f\u00fcr mehr Haltbarkeit.;Rei\u00dffestes Band in den ersten 15 cm erm\u00f6glicht maximale Haltbarkeit.;Premium-Schaumstoff f\u00fcr mehr Haltbarkeit. Lasergeschnittene Schablonen, roter Hintergrund zur schnellen Erkennung fehlender Werkzeuge.<\/p>\n<p>4932493642<br \/>\n4058546485139<\/p>\n","protected":false},"excerpt":{"rendered":"<p>THERMOFPACKOUT SCHNEIDE- UND MESSSET<\/p>\n","protected":false},"featured_media":563072,"template":"","meta":{"_seopress_robots_primary_cat":"","_seopress_titles_title":"","_seopress_titles_desc":"","_seopress_robots_index":""},"product_brand":[3407],"product_cat":[5416,33],"product_tag":[3270],"class_list":{"0":"post-622032","1":"product","2":"type-product","3":"status-publish","4":"has-post-thumbnail","6":"product_brand-milwaukee","7":"product_cat-utensili-per-officina","8":"product_cat-attrezzature","9":"product_tag-import-milwau","10":"sws-conto-ricavi-merci-rivendita-macchinari-de","11":"sws-gruppo-iva-iva81-de","13":"first","14":"onbackorder","15":"sale","16":"shipping-taxable","17":"purchasable","18":"product-type-simple"},"_links":{"self":[{"href":"https:\/\/lucacastelli.com\/de\/wp-json\/wp\/v2\/product\/622032","targetHints":{"allow":["GET"]}}],"collection":[{"href":"https:\/\/lucacastelli.com\/de\/wp-json\/wp\/v2\/product"}],"about":[{"href":"https:\/\/lucacastelli.com\/de\/wp-json\/wp\/v2\/types\/product"}],"wp:featuredmedia":[{"embeddable":true,"href":"https:\/\/lucacastelli.com\/de\/wp-json\/wp\/v2\/media\/563072"}],"wp:attachment":[{"href":"https:\/\/lucacastelli.com\/de\/wp-json\/wp\/v2\/media?parent=622032"}],"wp:term":[{"taxonomy":"product_brand","embeddable":true,"href":"https:\/\/lucacastelli.com\/de\/wp-json\/wp\/v2\/product_brand?post=622032"},{"taxonomy":"product_cat","embeddable":true,"href":"https:\/\/lucacastelli.com\/de\/wp-json\/wp\/v2\/product_cat?post=622032"},{"taxonomy":"product_tag","embeddable":true,"href":"https:\/\/lucacastelli.com\/de\/wp-json\/wp\/v2\/product_tag?post=622032"}],"curies":[{"name":"wp","href":"https:\/\/api.w.org\/{rel}","templated":true}]}}