{"id":622031,"date":"2025-08-09T19:49:51","date_gmt":"2025-08-09T17:49:51","guid":{"rendered":"https:\/\/lucacastelli.com\/prodotto\/milwaukee-packout-flat-trolley\/"},"modified":"2025-08-09T19:49:51","modified_gmt":"2025-08-09T17:49:51","slug":"milwaukee-packout-flat-trolley","status":"publish","type":"product","link":"https:\/\/lucacastelli.com\/de\/produkt\/milwaukee-packout-flat-trolley\/","title":{"rendered":"MILWAUKEE PACKOUT Flat Trolley"},"content":{"rendered":"<p>PACKOUT FLAT TROLLEY FOR TRANSPORT 1pcs<br \/>\nTragf\u00e4higkeit von 113 kg;Hochbelastbare R\u00e4der f\u00fcr den einfachen Transport mit schweren Lasten auf der Baustelle;Der Wagen hat als integrale Bestandteile ein Bremssystem f\u00fcr die Beladung, die M\u00f6glichkeit, zwei R\u00e4der zu blockieren und die M\u00f6glichkeit, Softbags anzuschlie\u00dfen;Ein integraler Bestandteil des PACKOUT\u2122-Lagersystems<\/p>\n<p>4932471068<br \/>\n4058546286965<\/p>\n","protected":false},"excerpt":{"rendered":"<p>PACKOUT TROLLEY FLAT FOR TRANSPORT 1pcs<\/p>\n","protected":false},"featured_media":530655,"template":"","meta":{"_seopress_robots_primary_cat":"","_seopress_titles_title":"","_seopress_titles_desc":"","_seopress_robots_index":""},"product_brand":[3407],"product_cat":[5416,33],"product_tag":[3270],"class_list":{"0":"post-622031","1":"product","2":"type-product","3":"status-publish","4":"has-post-thumbnail","6":"product_brand-milwaukee","7":"product_cat-utensili-per-officina","8":"product_cat-attrezzature","9":"product_tag-import-milwau","10":"sws-conto-ricavi-merci-rivendita-macchinari-de","11":"sws-gruppo-iva-iva81-de","13":"first","14":"onbackorder","15":"sale","16":"shipping-taxable","17":"purchasable","18":"product-type-simple"},"_links":{"self":[{"href":"https:\/\/lucacastelli.com\/de\/wp-json\/wp\/v2\/product\/622031","targetHints":{"allow":["GET"]}}],"collection":[{"href":"https:\/\/lucacastelli.com\/de\/wp-json\/wp\/v2\/product"}],"about":[{"href":"https:\/\/lucacastelli.com\/de\/wp-json\/wp\/v2\/types\/product"}],"wp:featuredmedia":[{"embeddable":true,"href":"https:\/\/lucacastelli.com\/de\/wp-json\/wp\/v2\/media\/530655"}],"wp:attachment":[{"href":"https:\/\/lucacastelli.com\/de\/wp-json\/wp\/v2\/media?parent=622031"}],"wp:term":[{"taxonomy":"product_brand","embeddable":true,"href":"https:\/\/lucacastelli.com\/de\/wp-json\/wp\/v2\/product_brand?post=622031"},{"taxonomy":"product_cat","embeddable":true,"href":"https:\/\/lucacastelli.com\/de\/wp-json\/wp\/v2\/product_cat?post=622031"},{"taxonomy":"product_tag","embeddable":true,"href":"https:\/\/lucacastelli.com\/de\/wp-json\/wp\/v2\/product_tag?post=622031"}],"curies":[{"name":"wp","href":"https:\/\/api.w.org\/{rel}","templated":true}]}}