{"id":622026,"date":"2025-08-09T19:49:46","date_gmt":"2025-08-09T17:49:46","guid":{"rendered":"https:\/\/lucacastelli.com\/prodotto\/milwaukee-packout-hartschalenrucksack\/"},"modified":"2025-08-09T19:49:46","modified_gmt":"2025-08-09T17:49:46","slug":"milwaukee-packout-hartschalenrucksack","status":"publish","type":"product","link":"https:\/\/lucacastelli.com\/de\/produkt\/milwaukee-packout-hartschalenrucksack\/","title":{"rendered":"MILWAUKEE PACKOUT Hartschalenrucksack"},"content":{"rendered":"<p>PACKOUT RIGID BACKPACK<br \/>\nPACKOUT RIGID BACKPACK<br \/>\nHergestellt aus 1680D und 1800D ballistischem Nylon;42 Taschen f\u00fcr eine optimale Organisation von Werkzeugen;22,7 kg Tragf\u00e4higkeit;Maximaler Komfort dank gepolstertem R\u00fcckenpolster und Schultergurten;Verst\u00e4rkter Tragegriff;Schlagfester, starrer Boden, sch\u00fctzt den Inhalt vor Wasser und Schmutz;Integraler Bestandteil des modularen PACKOUT Stausystems<\/p>\n<p>4932498633 4058546525026<\/p>\n","protected":false},"excerpt":{"rendered":"<p>PACKOUT RIGID BACKPACK<\/p>\n","protected":false},"featured_media":592548,"template":"","meta":{"_seopress_robots_primary_cat":"","_seopress_titles_title":"","_seopress_titles_desc":"","_seopress_robots_index":""},"product_brand":[3407],"product_cat":[5416,33],"product_tag":[3270],"class_list":{"0":"post-622026","1":"product","2":"type-product","3":"status-publish","4":"has-post-thumbnail","6":"product_brand-milwaukee","7":"product_cat-utensili-per-officina","8":"product_cat-attrezzature","9":"product_tag-import-milwau","10":"sws-conto-ricavi-merci-rivendita-macchinari-de","11":"sws-gruppo-iva-iva81-de","13":"first","14":"onbackorder","15":"sale","16":"shipping-taxable","17":"purchasable","18":"product-type-simple"},"_links":{"self":[{"href":"https:\/\/lucacastelli.com\/de\/wp-json\/wp\/v2\/product\/622026","targetHints":{"allow":["GET"]}}],"collection":[{"href":"https:\/\/lucacastelli.com\/de\/wp-json\/wp\/v2\/product"}],"about":[{"href":"https:\/\/lucacastelli.com\/de\/wp-json\/wp\/v2\/types\/product"}],"wp:featuredmedia":[{"embeddable":true,"href":"https:\/\/lucacastelli.com\/de\/wp-json\/wp\/v2\/media\/592548"}],"wp:attachment":[{"href":"https:\/\/lucacastelli.com\/de\/wp-json\/wp\/v2\/media?parent=622026"}],"wp:term":[{"taxonomy":"product_brand","embeddable":true,"href":"https:\/\/lucacastelli.com\/de\/wp-json\/wp\/v2\/product_brand?post=622026"},{"taxonomy":"product_cat","embeddable":true,"href":"https:\/\/lucacastelli.com\/de\/wp-json\/wp\/v2\/product_cat?post=622026"},{"taxonomy":"product_tag","embeddable":true,"href":"https:\/\/lucacastelli.com\/de\/wp-json\/wp\/v2\/product_tag?post=622026"}],"curies":[{"name":"wp","href":"https:\/\/api.w.org\/{rel}","templated":true}]}}