{"id":622019,"date":"2025-08-09T19:44:32","date_gmt":"2025-08-09T17:44:32","guid":{"rendered":"https:\/\/lucacastelli.com\/prodotto\/milwaukee-packout-gewindebohrer-und-matrizensatz\/"},"modified":"2025-08-09T19:44:32","modified_gmt":"2025-08-09T17:44:32","slug":"milwaukee-packout-gewindebohrer-und-matrizensatz","status":"publish","type":"product","link":"https:\/\/lucacastelli.com\/de\/produkt\/milwaukee-packout-gewindebohrer-und-matrizensatz\/","title":{"rendered":"MILWAUKEE PACKOUT Gewindebohrer und Matrizensatz"},"content":{"rendered":"<p>PACKOUT Gewindeschneidsatz<br \/>\nPACKOUT SET MASSEN UND GEWINDE 38 PZ<br \/>\nDer Hex-LOK\u2122 2-in-1-Griff ist die vielseitigste L\u00f6sung zum Gewindeschneiden f\u00fcr Gewindebohrer und Schneideisen. Kompatibel mit 1-Zoll-Sechskant-Schneideisen und dem Milwaukee\u00ae -Gewindedreher; Erm\u00f6glicht einen schnellen Wechsel; Enth\u00e4lt pr\u00e4zisionsgefertigte Gewindeschneidaufs\u00e4tze und Griffe f\u00fcr die g\u00e4ngigsten Anwendungen; Entwickelt f\u00fcr die Verwendung auf Metallwerkstoffen, einschlie\u00dflich Baustahl, Messing und Aluminium; Hochchrom-Kohlenstoffstahl f\u00fcr Langlebigkeit; Schwarz oxidbeschichtete Gewindeschneider und Schneideisen f\u00fcr Korrosionsbest\u00e4ndigkeit; Gewindeschneider und Schneideisen verf\u00fcgen \u00fcber eine Laser\u00e4tzung f\u00fcr bessere Sichtbarkeit <\/p>\n<p>4932498721<br \/>\n4058546525903<\/p>\n","protected":false},"excerpt":{"rendered":"<p>PACKOUT-GEWINDEBOHRER UND MATRIZENSATZ 38 ST\u00dcCK<\/p>\n","protected":false},"featured_media":592334,"template":"","meta":{"_seopress_robots_primary_cat":"","_seopress_titles_title":"","_seopress_titles_desc":"","_seopress_robots_index":""},"product_brand":[3407],"product_cat":[5416,33],"product_tag":[3270],"class_list":{"0":"post-622019","1":"product","2":"type-product","3":"status-publish","4":"has-post-thumbnail","6":"product_brand-milwaukee","7":"product_cat-utensili-per-officina","8":"product_cat-attrezzature","9":"product_tag-import-milwau","10":"sws-conto-ricavi-merci-rivendita-macchinari-de","11":"sws-gruppo-iva-iva81-de","13":"first","14":"onbackorder","15":"sale","16":"shipping-taxable","17":"purchasable","18":"product-type-simple"},"_links":{"self":[{"href":"https:\/\/lucacastelli.com\/de\/wp-json\/wp\/v2\/product\/622019","targetHints":{"allow":["GET"]}}],"collection":[{"href":"https:\/\/lucacastelli.com\/de\/wp-json\/wp\/v2\/product"}],"about":[{"href":"https:\/\/lucacastelli.com\/de\/wp-json\/wp\/v2\/types\/product"}],"wp:featuredmedia":[{"embeddable":true,"href":"https:\/\/lucacastelli.com\/de\/wp-json\/wp\/v2\/media\/592334"}],"wp:attachment":[{"href":"https:\/\/lucacastelli.com\/de\/wp-json\/wp\/v2\/media?parent=622019"}],"wp:term":[{"taxonomy":"product_brand","embeddable":true,"href":"https:\/\/lucacastelli.com\/de\/wp-json\/wp\/v2\/product_brand?post=622019"},{"taxonomy":"product_cat","embeddable":true,"href":"https:\/\/lucacastelli.com\/de\/wp-json\/wp\/v2\/product_cat?post=622019"},{"taxonomy":"product_tag","embeddable":true,"href":"https:\/\/lucacastelli.com\/de\/wp-json\/wp\/v2\/product_tag?post=622019"}],"curies":[{"name":"wp","href":"https:\/\/api.w.org\/{rel}","templated":true}]}}