{"id":622013,"date":"2025-08-09T19:32:46","date_gmt":"2025-08-09T17:32:46","guid":{"rendered":"https:\/\/lucacastelli.com\/prodotto\/milwaukee-umkehrbare-sicherungsringzange-8\/"},"modified":"2025-08-09T19:32:46","modified_gmt":"2025-08-09T17:32:46","slug":"milwaukee-umkehrbare-sicherungsringzange-8","status":"publish","type":"product","link":"https:\/\/lucacastelli.com\/de\/produkt\/milwaukee-umkehrbare-sicherungsringzange-8\/","title":{"rendered":"Milwaukee Umkehrbare Sicherungsringzange"},"content":{"rendered":"<p>REVERSIBLE ELAST RINGS PLIER MEDIUM 90<br \/>\nZifferblatt mit rutschfestem Design f\u00fcr eine einfachere und schnellere Umstellung von innen nach au\u00dfen;Ganzmetall-Umstellungszifferblatt, um dem Verschlei\u00df zu widerstehen und eine Verringerung der Gelenkintegrit\u00e4t zu verhindern;Rutschfeste Griffe mit doppelt getauchten Griffen.<\/p>\n<p>4932492492<br \/>\n4058546418595<\/p>\n","protected":false},"excerpt":{"rendered":"<p>WENDEZANGE RINGE MITTEL 90<\/p>\n","protected":false},"featured_media":556813,"template":"","meta":{"_seopress_robots_primary_cat":"","_seopress_titles_title":"","_seopress_titles_desc":"","_seopress_robots_index":""},"product_brand":[3407],"product_cat":[5416,33],"product_tag":[3270],"class_list":{"0":"post-622013","1":"product","2":"type-product","3":"status-publish","4":"has-post-thumbnail","6":"product_brand-milwaukee","7":"product_cat-utensili-per-officina","8":"product_cat-attrezzature","9":"product_tag-import-milwau","10":"sws-conto-ricavi-merci-rivendita-macchinari-de","11":"sws-gruppo-iva-iva81-de","13":"first","14":"onbackorder","15":"sale","16":"shipping-taxable","17":"purchasable","18":"product-type-simple"},"_links":{"self":[{"href":"https:\/\/lucacastelli.com\/de\/wp-json\/wp\/v2\/product\/622013","targetHints":{"allow":["GET"]}}],"collection":[{"href":"https:\/\/lucacastelli.com\/de\/wp-json\/wp\/v2\/product"}],"about":[{"href":"https:\/\/lucacastelli.com\/de\/wp-json\/wp\/v2\/types\/product"}],"wp:featuredmedia":[{"embeddable":true,"href":"https:\/\/lucacastelli.com\/de\/wp-json\/wp\/v2\/media\/556813"}],"wp:attachment":[{"href":"https:\/\/lucacastelli.com\/de\/wp-json\/wp\/v2\/media?parent=622013"}],"wp:term":[{"taxonomy":"product_brand","embeddable":true,"href":"https:\/\/lucacastelli.com\/de\/wp-json\/wp\/v2\/product_brand?post=622013"},{"taxonomy":"product_cat","embeddable":true,"href":"https:\/\/lucacastelli.com\/de\/wp-json\/wp\/v2\/product_cat?post=622013"},{"taxonomy":"product_tag","embeddable":true,"href":"https:\/\/lucacastelli.com\/de\/wp-json\/wp\/v2\/product_tag?post=622013"}],"curies":[{"name":"wp","href":"https:\/\/api.w.org\/{rel}","templated":true}]}}