{"id":622008,"date":"2025-08-09T19:21:51","date_gmt":"2025-08-09T17:21:51","guid":{"rendered":"https:\/\/lucacastelli.com\/prodotto\/milwaukee-magnetischer-bithalter-mit-bitsicherung-2\/"},"modified":"2025-08-09T19:21:51","modified_gmt":"2025-08-09T17:21:51","slug":"milwaukee-magnetischer-bithalter-mit-bitsicherung-2","status":"publish","type":"product","link":"https:\/\/lucacastelli.com\/de\/produkt\/milwaukee-magnetischer-bithalter-mit-bitsicherung-2\/","title":{"rendered":"Milwaukee Magnetischer Bithalter mit Bitsicherung"},"content":{"rendered":"<p>MAGNETIC SGANC RAPID 152mm 1pcs<br \/>\nSpezielle Stahlformel, die von Milwaukee entwickelt wurde, um einen erh\u00f6hten Widerstand gegen Verdrehen zu bieten; Shockwave-Technologie absorbiert bis zu 3 Mal mehr Verdrehen; Doppelter Innenmagnet f\u00fcr maximalen Halt; Selbstsichernde Einhandentriegelung; Schlankes Design f\u00fcr einfachen Zugang auch in engen R\u00e4umen; Ideal f\u00fcr Schlagschrauber<\/p>\n<p>4932471824<br \/>\n4058546297237<\/p>\n","protected":false},"excerpt":{"rendered":"<p>PORTABIT MAGNETIC SGANCID 152mm 1pcs<\/p>\n","protected":false},"featured_media":537991,"template":"","meta":{"_seopress_robots_primary_cat":"","_seopress_titles_title":"","_seopress_titles_desc":"","_seopress_robots_index":""},"product_brand":[3407],"product_cat":[29,549,550],"product_tag":[3270],"class_list":{"0":"post-622008","1":"product","2":"type-product","3":"status-publish","4":"has-post-thumbnail","6":"product_brand-milwaukee","7":"product_cat-macchinari","8":"product_cat-trapani-e-avvitatori","9":"product_cat-accessori-per-trapani-ed-avvitatori","10":"product_tag-import-milwau","11":"sws-conto-ricavi-merci-rivendita-macchinari-de","12":"sws-gruppo-iva-iva81-de","14":"first","15":"onbackorder","16":"sale","17":"shipping-taxable","18":"purchasable","19":"product-type-simple"},"_links":{"self":[{"href":"https:\/\/lucacastelli.com\/de\/wp-json\/wp\/v2\/product\/622008","targetHints":{"allow":["GET"]}}],"collection":[{"href":"https:\/\/lucacastelli.com\/de\/wp-json\/wp\/v2\/product"}],"about":[{"href":"https:\/\/lucacastelli.com\/de\/wp-json\/wp\/v2\/types\/product"}],"wp:featuredmedia":[{"embeddable":true,"href":"https:\/\/lucacastelli.com\/de\/wp-json\/wp\/v2\/media\/537991"}],"wp:attachment":[{"href":"https:\/\/lucacastelli.com\/de\/wp-json\/wp\/v2\/media?parent=622008"}],"wp:term":[{"taxonomy":"product_brand","embeddable":true,"href":"https:\/\/lucacastelli.com\/de\/wp-json\/wp\/v2\/product_brand?post=622008"},{"taxonomy":"product_cat","embeddable":true,"href":"https:\/\/lucacastelli.com\/de\/wp-json\/wp\/v2\/product_cat?post=622008"},{"taxonomy":"product_tag","embeddable":true,"href":"https:\/\/lucacastelli.com\/de\/wp-json\/wp\/v2\/product_tag?post=622008"}],"curies":[{"name":"wp","href":"https:\/\/api.w.org\/{rel}","templated":true}]}}