{"id":621995,"date":"2025-08-09T19:50:49","date_gmt":"2025-08-09T17:50:49","guid":{"rendered":"https:\/\/lucacastelli.com\/prodotto\/milwaukee-packout-organiser-3\/"},"modified":"2025-08-09T19:50:49","modified_gmt":"2025-08-09T17:50:49","slug":"milwaukee-packout-organiser-3","status":"publish","type":"product","link":"https:\/\/lucacastelli.com\/de\/produkt\/milwaukee-packout-organiser-3\/","title":{"rendered":"MILWAUKEE PACKOUT\u2122 Organiser"},"content":{"rendered":"<p>PACKOUT SLIM ORGANISER -1pcs<br \/>\nEin integraler Bestandteil des modularen PACKOUT\u2122-Lagersystems; Hergestellt aus haltbarem Polymer, das die Sto\u00dffestigkeit auf der Baustelle erh\u00f6ht; Der Innenraum besteht aus 2 gro\u00dfen und 8 kleinen Beh\u00e4ltern, die alle herausnehmbar sind. Alle Beh\u00e4lter enthalten Trennw\u00e4nde; die F\u00e4cher sind versiegelt, damit der Inhalt w\u00e4hrend des Transports nicht ausl\u00e4uft; IP65-Schutzsystem zum Schutz vor Regen und Baustellenabf\u00e4llen <\/p>\n<p>4932471064<br \/>\n4058546286927<\/p>\n","protected":false},"excerpt":{"rendered":"<p>PACKOUT SLIM ORGANISER -1pcs<\/p>\n","protected":false},"featured_media":530567,"template":"","meta":{"_seopress_robots_primary_cat":"","_seopress_titles_title":"","_seopress_titles_desc":"","_seopress_robots_index":""},"product_brand":[3656],"product_cat":[5529,150],"product_tag":[3272],"class_list":{"0":"post-621995","1":"product","2":"type-product","3":"status-publish","4":"has-post-thumbnail","6":"product_brand-milwaukee-de","7":"product_cat-workshop-tools","8":"product_cat-ausrustung","9":"product_tag-import-milwau-de","10":"sws-conto-ricavi-merci-rivendita-macchinari-de","11":"sws-gruppo-iva-iva81-de","13":"first","14":"onbackorder","15":"sale","16":"shipping-taxable","17":"purchasable","18":"product-type-simple"},"_links":{"self":[{"href":"https:\/\/lucacastelli.com\/de\/wp-json\/wp\/v2\/product\/621995","targetHints":{"allow":["GET"]}}],"collection":[{"href":"https:\/\/lucacastelli.com\/de\/wp-json\/wp\/v2\/product"}],"about":[{"href":"https:\/\/lucacastelli.com\/de\/wp-json\/wp\/v2\/types\/product"}],"wp:featuredmedia":[{"embeddable":true,"href":"https:\/\/lucacastelli.com\/de\/wp-json\/wp\/v2\/media\/530567"}],"wp:attachment":[{"href":"https:\/\/lucacastelli.com\/de\/wp-json\/wp\/v2\/media?parent=621995"}],"wp:term":[{"taxonomy":"product_brand","embeddable":true,"href":"https:\/\/lucacastelli.com\/de\/wp-json\/wp\/v2\/product_brand?post=621995"},{"taxonomy":"product_cat","embeddable":true,"href":"https:\/\/lucacastelli.com\/de\/wp-json\/wp\/v2\/product_cat?post=621995"},{"taxonomy":"product_tag","embeddable":true,"href":"https:\/\/lucacastelli.com\/de\/wp-json\/wp\/v2\/product_tag?post=621995"}],"curies":[{"name":"wp","href":"https:\/\/api.w.org\/{rel}","templated":true}]}}