{"id":621989,"date":"2025-08-09T19:50:48","date_gmt":"2025-08-09T17:50:48","guid":{"rendered":"https:\/\/lucacastelli.com\/prodotto\/milwaukee-packout-organiser-mit-behaeltern\/"},"modified":"2025-08-09T19:50:48","modified_gmt":"2025-08-09T17:50:48","slug":"milwaukee-packout-organiser-mit-behaeltern","status":"publish","type":"product","link":"https:\/\/lucacastelli.com\/de\/produkt\/milwaukee-packout-organiser-mit-behaeltern\/","title":{"rendered":"MILWAUKEE PACKOUT\u2122 Organiser mit Beh\u00e4ltern"},"content":{"rendered":"<p>PACKOUT ORGANISER MIT BEH\u00c4LTERN<br \/>\nPACKOUT ORGANISER MIT BEH\u00c4LTERN<br \/>\nHergestellt aus sto\u00dffesten Polymeren f\u00fcr Langlebigkeit auf der Baustelle; Ausgestattet mit 8 kleinen und 2 gro\u00dfen transparenten Beh\u00e4ltern; Die Beh\u00e4lter k\u00f6nnen gekippt und komplett entnommen werden;Ergonomischer Griff f\u00fcr bequemes Greifen und Tragen;Verstaut Kleinteile wie Schrauben, Bits, N\u00e4gel, Unterlegscheiben, Marker, Messer;Kann sowohl an PACKOUT-T\u00fcrmen als auch an PACKOUT-Wandsystemen verwendet werden;Teil des modularen PACKOUT-Lagersystems<\/p>\n<p>4932498323<br \/>\n4058546521929<\/p>\n","protected":false},"excerpt":{"rendered":"<p>PACKOUT-ORGANIZER MIT BEH\u00c4LTERN<\/p>\n","protected":false},"featured_media":592486,"template":"","meta":{"_seopress_robots_primary_cat":"","_seopress_titles_title":"","_seopress_titles_desc":"","_seopress_robots_index":""},"product_brand":[3656],"product_cat":[5529,150],"product_tag":[3272],"class_list":{"0":"post-621989","1":"product","2":"type-product","3":"status-publish","4":"has-post-thumbnail","6":"product_brand-milwaukee-de","7":"product_cat-workshop-tools","8":"product_cat-ausrustung","9":"product_tag-import-milwau-de","10":"sws-conto-ricavi-merci-rivendita-macchinari-de","11":"sws-gruppo-iva-iva81-de","13":"first","14":"onbackorder","15":"sale","16":"shipping-taxable","17":"purchasable","18":"product-type-simple"},"_links":{"self":[{"href":"https:\/\/lucacastelli.com\/de\/wp-json\/wp\/v2\/product\/621989","targetHints":{"allow":["GET"]}}],"collection":[{"href":"https:\/\/lucacastelli.com\/de\/wp-json\/wp\/v2\/product"}],"about":[{"href":"https:\/\/lucacastelli.com\/de\/wp-json\/wp\/v2\/types\/product"}],"wp:featuredmedia":[{"embeddable":true,"href":"https:\/\/lucacastelli.com\/de\/wp-json\/wp\/v2\/media\/592486"}],"wp:attachment":[{"href":"https:\/\/lucacastelli.com\/de\/wp-json\/wp\/v2\/media?parent=621989"}],"wp:term":[{"taxonomy":"product_brand","embeddable":true,"href":"https:\/\/lucacastelli.com\/de\/wp-json\/wp\/v2\/product_brand?post=621989"},{"taxonomy":"product_cat","embeddable":true,"href":"https:\/\/lucacastelli.com\/de\/wp-json\/wp\/v2\/product_cat?post=621989"},{"taxonomy":"product_tag","embeddable":true,"href":"https:\/\/lucacastelli.com\/de\/wp-json\/wp\/v2\/product_tag?post=621989"}],"curies":[{"name":"wp","href":"https:\/\/api.w.org\/{rel}","templated":true}]}}