{"id":621983,"date":"2025-08-09T19:50:47","date_gmt":"2025-08-09T17:50:47","guid":{"rendered":"https:\/\/lucacastelli.com\/prodotto\/milwaukee-packout-container\/"},"modified":"2025-08-09T19:50:47","modified_gmt":"2025-08-09T17:50:47","slug":"milwaukee-packout-container","status":"publish","type":"product","link":"https:\/\/lucacastelli.com\/de\/produkt\/milwaukee-packout-container\/","title":{"rendered":"MILWAUKEE PACKOUT Container"},"content":{"rendered":"<p>PACKOUT CONTAINER 1 St\u00fcck<br \/>\nVielseitig einsetzbar f\u00fcr die vertikale und horizontale Lagerung;22Kg Ladekapazit\u00e4t;Gro\u00dfe Lagerkapazit\u00e4t;Andere PACKOUT\u2122 Produkte k\u00f6nnen darauf gestapelt werden;Ein integraler Bestandteil des PACKOUT\u2122 Lagersystems<\/p>\n<p>4932471724<br \/>\n4058546296230<\/p>\n","protected":false},"excerpt":{"rendered":"<p>PACKOUT CONTAINER 1 St\u00fcck<\/p>\n","protected":false},"featured_media":600363,"template":"","meta":{"_seopress_robots_primary_cat":"","_seopress_titles_title":"","_seopress_titles_desc":"","_seopress_robots_index":""},"product_brand":[3407],"product_cat":[5416,33],"product_tag":[3270],"class_list":{"0":"post-621983","1":"product","2":"type-product","3":"status-publish","4":"has-post-thumbnail","6":"product_brand-milwaukee","7":"product_cat-utensili-per-officina","8":"product_cat-attrezzature","9":"product_tag-import-milwau","10":"sws-conto-ricavi-merci-rivendita-macchinari-de","11":"sws-gruppo-iva-iva81-de","13":"first","14":"onbackorder","15":"sale","16":"shipping-taxable","17":"purchasable","18":"product-type-simple"},"_links":{"self":[{"href":"https:\/\/lucacastelli.com\/de\/wp-json\/wp\/v2\/product\/621983","targetHints":{"allow":["GET"]}}],"collection":[{"href":"https:\/\/lucacastelli.com\/de\/wp-json\/wp\/v2\/product"}],"about":[{"href":"https:\/\/lucacastelli.com\/de\/wp-json\/wp\/v2\/types\/product"}],"wp:featuredmedia":[{"embeddable":true,"href":"https:\/\/lucacastelli.com\/de\/wp-json\/wp\/v2\/media\/600363"}],"wp:attachment":[{"href":"https:\/\/lucacastelli.com\/de\/wp-json\/wp\/v2\/media?parent=621983"}],"wp:term":[{"taxonomy":"product_brand","embeddable":true,"href":"https:\/\/lucacastelli.com\/de\/wp-json\/wp\/v2\/product_brand?post=621983"},{"taxonomy":"product_cat","embeddable":true,"href":"https:\/\/lucacastelli.com\/de\/wp-json\/wp\/v2\/product_cat?post=621983"},{"taxonomy":"product_tag","embeddable":true,"href":"https:\/\/lucacastelli.com\/de\/wp-json\/wp\/v2\/product_tag?post=621983"}],"curies":[{"name":"wp","href":"https:\/\/api.w.org\/{rel}","templated":true}]}}