{"id":621977,"date":"2025-08-09T19:51:33","date_gmt":"2025-08-09T17:51:33","guid":{"rendered":"https:\/\/lucacastelli.com\/prodotto\/milwaukee-packout-zweiraeder\/"},"modified":"2025-08-20T17:41:38","modified_gmt":"2025-08-20T15:41:38","slug":"milwaukee-packout-zweiraeder","status":"publish","type":"product","link":"https:\/\/lucacastelli.com\/de\/produkt\/milwaukee-packout-zweiraeder\/","title":{"rendered":"MILWAUKEE PACKOUT Zweir\u00e4der"},"content":{"rendered":"<p>PACKOUT ROLLING TOOL CHEST -1PC<br \/>\nDie doppelte PACKOUT\u2122-Befestigung an der Oberseite erm\u00f6glicht 2 Stapel; 23 cm gro\u00dfe Industrier\u00e4der f\u00fcr leichtes Rollen auf der Baustelle; der ausziehbare Griff tr\u00e4gt bis zu 113 kg Gewicht; der verst\u00e4rkte Metallverschluss verhindert, dass Werkzeuge durch Wasser und Baustellenabf\u00e4lle besch\u00e4digt werden; zus\u00e4tzlicher Stauraum f\u00fcr gro\u00dfe Werkzeuge und Baustellenmaterialien; aus schlagfesten Polymeren f\u00fcr lange Haltbarkeit auf der Baustelle; Teil des modularen PACKOUT\u2122-Lagersystems<\/p>\n<p>4932478161<br \/>\n4058546340940<\/p>\n","protected":false},"excerpt":{"rendered":"<p>PACKOUT ROLLENDE WERKZEUGKISTE -1PC<\/p>\n","protected":false},"featured_media":600371,"template":"","meta":{"_seopress_robots_primary_cat":"","_seopress_titles_title":"","_seopress_titles_desc":"","_seopress_robots_index":""},"product_brand":[3407],"product_cat":[5416,33],"product_tag":[3270],"class_list":{"0":"post-621977","1":"product","2":"type-product","3":"status-publish","4":"has-post-thumbnail","6":"product_brand-milwaukee","7":"product_cat-utensili-per-officina","8":"product_cat-attrezzature","9":"product_tag-import-milwau","10":"sws-conto-ricavi-merci-rivendita-macchinari-de","11":"sws-gruppo-iva-iva81-de","13":"first","14":"onbackorder","15":"sale","16":"shipping-taxable","17":"purchasable","18":"product-type-simple"},"_links":{"self":[{"href":"https:\/\/lucacastelli.com\/de\/wp-json\/wp\/v2\/product\/621977","targetHints":{"allow":["GET"]}}],"collection":[{"href":"https:\/\/lucacastelli.com\/de\/wp-json\/wp\/v2\/product"}],"about":[{"href":"https:\/\/lucacastelli.com\/de\/wp-json\/wp\/v2\/types\/product"}],"wp:featuredmedia":[{"embeddable":true,"href":"https:\/\/lucacastelli.com\/de\/wp-json\/wp\/v2\/media\/600371"}],"wp:attachment":[{"href":"https:\/\/lucacastelli.com\/de\/wp-json\/wp\/v2\/media?parent=621977"}],"wp:term":[{"taxonomy":"product_brand","embeddable":true,"href":"https:\/\/lucacastelli.com\/de\/wp-json\/wp\/v2\/product_brand?post=621977"},{"taxonomy":"product_cat","embeddable":true,"href":"https:\/\/lucacastelli.com\/de\/wp-json\/wp\/v2\/product_cat?post=621977"},{"taxonomy":"product_tag","embeddable":true,"href":"https:\/\/lucacastelli.com\/de\/wp-json\/wp\/v2\/product_tag?post=621977"}],"curies":[{"name":"wp","href":"https:\/\/api.w.org\/{rel}","templated":true}]}}