{"id":621975,"date":"2025-08-09T19:31:57","date_gmt":"2025-08-09T17:31:57","guid":{"rendered":"https:\/\/lucacastelli.com\/prodotto\/milwaukee-selbstsichernde-zange-11\/"},"modified":"2025-08-09T19:31:57","modified_gmt":"2025-08-09T17:31:57","slug":"milwaukee-selbstsichernde-zange-11","status":"publish","type":"product","link":"https:\/\/lucacastelli.com\/de\/produkt\/milwaukee-selbstsichernde-zange-11\/","title":{"rendered":"Milwaukee Selbstsichernde Zange"},"content":{"rendered":"<p>AUTOBLOCCAN BECCH LONGH 100mm 1pcs<br \/>\nTORQUE LOCK \u2122 selbstsichernde Zange: schnelle und einfache Montage auf flachen und runden Oberfl\u00e4chen. Es kann zus\u00e4tzliche Kraft aufgebracht werden. Kann auch zum Aufh\u00e4ngen oder Lagern von Material verwendet werden;Geh\u00e4rtete Backen f\u00fcr besseren Griff und Halt am Material;Rostschutz: Verchromung erh\u00f6ht die Haltbarkeit durch Reduzierung der Korrosion;Traditionelles Hebeldesign;MAXBITE\u2122 selbstsichernde Zangen haben ein spezielles Backendesign f\u00fcr maximalen Halt  <\/p>\n<p>4932472262<br \/>\n4058546339081<\/p>\n","protected":false},"excerpt":{"rendered":"<p>AUTOBLOCK PLIP BECCH L\u00c4NGE 100mm 1St.<\/p>\n","protected":false},"featured_media":539759,"template":"","meta":{"_seopress_robots_primary_cat":"","_seopress_titles_title":"","_seopress_titles_desc":"","_seopress_robots_index":""},"product_brand":[3407],"product_cat":[5416,33],"product_tag":[3270],"class_list":{"0":"post-621975","1":"product","2":"type-product","3":"status-publish","4":"has-post-thumbnail","6":"product_brand-milwaukee","7":"product_cat-utensili-per-officina","8":"product_cat-attrezzature","9":"product_tag-import-milwau","10":"sws-conto-ricavi-merci-rivendita-macchinari-de","11":"sws-gruppo-iva-iva81-de","13":"first","14":"onbackorder","15":"sale","16":"shipping-taxable","17":"purchasable","18":"product-type-simple"},"_links":{"self":[{"href":"https:\/\/lucacastelli.com\/de\/wp-json\/wp\/v2\/product\/621975","targetHints":{"allow":["GET"]}}],"collection":[{"href":"https:\/\/lucacastelli.com\/de\/wp-json\/wp\/v2\/product"}],"about":[{"href":"https:\/\/lucacastelli.com\/de\/wp-json\/wp\/v2\/types\/product"}],"wp:featuredmedia":[{"embeddable":true,"href":"https:\/\/lucacastelli.com\/de\/wp-json\/wp\/v2\/media\/539759"}],"wp:attachment":[{"href":"https:\/\/lucacastelli.com\/de\/wp-json\/wp\/v2\/media?parent=621975"}],"wp:term":[{"taxonomy":"product_brand","embeddable":true,"href":"https:\/\/lucacastelli.com\/de\/wp-json\/wp\/v2\/product_brand?post=621975"},{"taxonomy":"product_cat","embeddable":true,"href":"https:\/\/lucacastelli.com\/de\/wp-json\/wp\/v2\/product_cat?post=621975"},{"taxonomy":"product_tag","embeddable":true,"href":"https:\/\/lucacastelli.com\/de\/wp-json\/wp\/v2\/product_tag?post=621975"}],"curies":[{"name":"wp","href":"https:\/\/api.w.org\/{rel}","templated":true}]}}