{"id":621946,"date":"2025-08-09T19:14:01","date_gmt":"2025-08-09T17:14:01","guid":{"rendered":"https:\/\/lucacastelli.com\/prodotto\/milwaukee-schaftverlaengerung-2\/"},"modified":"2025-08-09T19:14:01","modified_gmt":"2025-08-09T17:14:01","slug":"milwaukee-schaftverlaengerung-2","status":"publish","type":"product","link":"https:\/\/lucacastelli.com\/de\/produkt\/milwaukee-schaftverlaengerung-2\/","title":{"rendered":"Milwaukee Schaftverl\u00e4ngerung"},"content":{"rendered":"<p>Holzbohrer-Verl\u00e4ngerung 7\/16 600mm-1pc<br \/>\nF\u00fcr Selbstbohrer, Holzbohrer, Kronens\u00e4gen (1dogan Durchmesser oder gr\u00f6\u00dfer) mit 7\/16dogan Schaftverl\u00e4ngerung<\/p>\n<p>4932479496<br \/>\n4058546372903<\/p>\n","protected":false},"excerpt":{"rendered":"<p>Holzbohrer-Verl\u00e4ngerung 7\/16 600mm-1St.<\/p>\n","protected":false},"featured_media":544038,"template":"","meta":{"_seopress_robots_primary_cat":"","_seopress_titles_title":"","_seopress_titles_desc":"","_seopress_robots_index":""},"product_brand":[3407],"product_cat":[5416,33],"product_tag":[3270],"class_list":{"0":"post-621946","1":"product","2":"type-product","3":"status-publish","4":"has-post-thumbnail","6":"product_brand-milwaukee","7":"product_cat-utensili-per-officina","8":"product_cat-attrezzature","9":"product_tag-import-milwau","10":"sws-conto-ricavi-merci-rivendita-macchinari-de","11":"sws-gruppo-iva-iva81-de","13":"first","14":"onbackorder","15":"sale","16":"shipping-taxable","17":"purchasable","18":"product-type-simple"},"_links":{"self":[{"href":"https:\/\/lucacastelli.com\/de\/wp-json\/wp\/v2\/product\/621946","targetHints":{"allow":["GET"]}}],"collection":[{"href":"https:\/\/lucacastelli.com\/de\/wp-json\/wp\/v2\/product"}],"about":[{"href":"https:\/\/lucacastelli.com\/de\/wp-json\/wp\/v2\/types\/product"}],"wp:featuredmedia":[{"embeddable":true,"href":"https:\/\/lucacastelli.com\/de\/wp-json\/wp\/v2\/media\/544038"}],"wp:attachment":[{"href":"https:\/\/lucacastelli.com\/de\/wp-json\/wp\/v2\/media?parent=621946"}],"wp:term":[{"taxonomy":"product_brand","embeddable":true,"href":"https:\/\/lucacastelli.com\/de\/wp-json\/wp\/v2\/product_brand?post=621946"},{"taxonomy":"product_cat","embeddable":true,"href":"https:\/\/lucacastelli.com\/de\/wp-json\/wp\/v2\/product_cat?post=621946"},{"taxonomy":"product_tag","embeddable":true,"href":"https:\/\/lucacastelli.com\/de\/wp-json\/wp\/v2\/product_tag?post=621946"}],"curies":[{"name":"wp","href":"https:\/\/api.w.org\/{rel}","templated":true}]}}