{"id":621877,"date":"2025-08-09T19:32:05","date_gmt":"2025-08-09T17:32:05","guid":{"rendered":"https:\/\/lucacastelli.com\/prodotto\/milwaukee-selbstsichernde-c-schellen-8\/"},"modified":"2025-08-09T19:32:05","modified_gmt":"2025-08-09T17:32:05","slug":"milwaukee-selbstsichernde-c-schellen-8","status":"publish","type":"product","link":"https:\/\/lucacastelli.com\/de\/produkt\/milwaukee-selbstsichernde-c-schellen-8\/","title":{"rendered":"Milwaukee Selbstsichernde C-Schellen"},"content":{"rendered":"<p>AUTOB. G.MOB.11 \/279mm -1St.<br \/>\nTORQUE LOCK \u2122 selbstsichernde C-Klammern: schnelle und einfache Montage auf flachen und runden Oberfl\u00e4chen. Zus\u00e4tzliche Kraft kann aufgebracht werden. Kann auch zum Aufh\u00e4ngen und Lagern von Material verwendet werden;Geh\u00e4rtete Klemmbacken f\u00fcr besseren Griff und Halt am Material;Rostschutz: Verchromung erh\u00f6ht die Haltbarkeit durch Reduzierung der Korrosion;Traditionelles Hebeldesign   <\/p>\n<p>4932471727<br \/>\n4058546296261<\/p>\n","protected":false},"excerpt":{"rendered":"<p>AUTOB. G.MOB.11 \/279mm -1Stk. <\/p>\n","protected":false},"featured_media":537660,"template":"","meta":{"_seopress_robots_primary_cat":"","_seopress_titles_title":"","_seopress_titles_desc":"","_seopress_robots_index":""},"product_brand":[3656],"product_cat":[5529,150],"product_tag":[3272],"class_list":{"0":"post-621877","1":"product","2":"type-product","3":"status-publish","4":"has-post-thumbnail","6":"product_brand-milwaukee-de","7":"product_cat-workshop-tools","8":"product_cat-ausrustung","9":"product_tag-import-milwau-de","10":"sws-conto-ricavi-merci-rivendita-macchinari-de","11":"sws-gruppo-iva-iva81-de","13":"first","14":"onbackorder","15":"sale","16":"shipping-taxable","17":"purchasable","18":"product-type-simple"},"_links":{"self":[{"href":"https:\/\/lucacastelli.com\/de\/wp-json\/wp\/v2\/product\/621877","targetHints":{"allow":["GET"]}}],"collection":[{"href":"https:\/\/lucacastelli.com\/de\/wp-json\/wp\/v2\/product"}],"about":[{"href":"https:\/\/lucacastelli.com\/de\/wp-json\/wp\/v2\/types\/product"}],"wp:featuredmedia":[{"embeddable":true,"href":"https:\/\/lucacastelli.com\/de\/wp-json\/wp\/v2\/media\/537660"}],"wp:attachment":[{"href":"https:\/\/lucacastelli.com\/de\/wp-json\/wp\/v2\/media?parent=621877"}],"wp:term":[{"taxonomy":"product_brand","embeddable":true,"href":"https:\/\/lucacastelli.com\/de\/wp-json\/wp\/v2\/product_brand?post=621877"},{"taxonomy":"product_cat","embeddable":true,"href":"https:\/\/lucacastelli.com\/de\/wp-json\/wp\/v2\/product_cat?post=621877"},{"taxonomy":"product_tag","embeddable":true,"href":"https:\/\/lucacastelli.com\/de\/wp-json\/wp\/v2\/product_tag?post=621877"}],"curies":[{"name":"wp","href":"https:\/\/api.w.org\/{rel}","templated":true}]}}