{"id":621870,"date":"2025-08-09T19:31:38","date_gmt":"2025-08-09T17:31:38","guid":{"rendered":"https:\/\/lucacastelli.com\/prodotto\/milwaukee-ratschen-crimpzange\/"},"modified":"2025-08-09T19:31:38","modified_gmt":"2025-08-09T17:31:38","slug":"milwaukee-ratschen-crimpzange","status":"publish","type":"product","link":"https:\/\/lucacastelli.com\/de\/produkt\/milwaukee-ratschen-crimpzange\/","title":{"rendered":"Milwaukee Ratschen-Crimpzange"},"content":{"rendered":"<p>Ratschen-Crimpzange<br \/>\nRatschen-Crimpzange<br \/>\n3 Kavit\u00e4ten f\u00fcr das Crimpen verschiedener Steckergr\u00f6\u00dfen mit einem Werkzeug: rot (0,3 &#8211; 1,0 mm\u00b2), blau (1,5 &#8211; 2,5 mm\u00b2) und gelb (4,0 &#8211; 6.0 mm\u00b2);Doppelter Zwangssperrmechanismus f\u00fcr vollst\u00e4ndiges Crimpen f\u00fcr sichere Verbindungen;Kontrastreiche Farbmarkierungen f\u00fcr bessere Sichtbarkeit;Schnellspannhebel f\u00fcr erh\u00f6hte Produktivit\u00e4t;Ergonomischer und verschlei\u00dffester Griff<\/p>\n<p>4932499025<br \/>\n4058546528942<\/p>\n","protected":false},"excerpt":{"rendered":"<p>CRIMPZANGE MIT ZWANGSSPERRE<\/p>\n","protected":false},"featured_media":592355,"template":"","meta":{"_seopress_robots_primary_cat":"","_seopress_titles_title":"","_seopress_titles_desc":"","_seopress_robots_index":""},"product_brand":[3407],"product_cat":[5416,33],"product_tag":[3270],"class_list":{"0":"post-621870","1":"product","2":"type-product","3":"status-publish","4":"has-post-thumbnail","6":"product_brand-milwaukee","7":"product_cat-utensili-per-officina","8":"product_cat-attrezzature","9":"product_tag-import-milwau","10":"sws-conto-ricavi-merci-rivendita-macchinari-de","11":"sws-gruppo-iva-iva81-de","13":"first","14":"onbackorder","15":"sale","16":"shipping-taxable","17":"purchasable","18":"product-type-simple"},"_links":{"self":[{"href":"https:\/\/lucacastelli.com\/de\/wp-json\/wp\/v2\/product\/621870","targetHints":{"allow":["GET"]}}],"collection":[{"href":"https:\/\/lucacastelli.com\/de\/wp-json\/wp\/v2\/product"}],"about":[{"href":"https:\/\/lucacastelli.com\/de\/wp-json\/wp\/v2\/types\/product"}],"wp:featuredmedia":[{"embeddable":true,"href":"https:\/\/lucacastelli.com\/de\/wp-json\/wp\/v2\/media\/592355"}],"wp:attachment":[{"href":"https:\/\/lucacastelli.com\/de\/wp-json\/wp\/v2\/media?parent=621870"}],"wp:term":[{"taxonomy":"product_brand","embeddable":true,"href":"https:\/\/lucacastelli.com\/de\/wp-json\/wp\/v2\/product_brand?post=621870"},{"taxonomy":"product_cat","embeddable":true,"href":"https:\/\/lucacastelli.com\/de\/wp-json\/wp\/v2\/product_cat?post=621870"},{"taxonomy":"product_tag","embeddable":true,"href":"https:\/\/lucacastelli.com\/de\/wp-json\/wp\/v2\/product_tag?post=621870"}],"curies":[{"name":"wp","href":"https:\/\/api.w.org\/{rel}","templated":true}]}}