{"id":621866,"date":"2025-08-09T19:31:56","date_gmt":"2025-08-09T17:31:56","guid":{"rendered":"https:\/\/lucacastelli.com\/prodotto\/milwaukee-selbstsichernde-zange-8\/"},"modified":"2025-08-09T19:31:56","modified_gmt":"2025-08-09T17:31:56","slug":"milwaukee-selbstsichernde-zange-8","status":"publish","type":"product","link":"https:\/\/lucacastelli.com\/de\/produkt\/milwaukee-selbstsichernde-zange-8\/","title":{"rendered":"Milwaukee Selbstsichernde Zange"},"content":{"rendered":"<p>SELBSTVERRIEGELNDE ZANGE MIT FLAT JANKS 1 St.<br \/>\nTORQUE LOCK\u2122: Schnelles und einfaches Greifen und Spannen von flachen oder runden Werkst\u00fccken;Einstellschraube mit gro\u00dfer \u00d6se;Geh\u00e4rtete Backen f\u00fcr gr\u00f6\u00dfere Greifkapazit\u00e4t auf dem verwendeten Material;Verchromtes Werkzeug f\u00fcr gr\u00f6\u00dferen Schutz gegen Korrosion;Schnelle und einfache Einhandbedienung f\u00fcr kontrolliertes Entfernen;MAXBITE\u2122 Grip Zangenbacken haben ein spezielles Design, um die St\u00e4rke zu maximieren<\/p>\n<p>4932471734 4058546296339<\/p>\n","protected":false},"excerpt":{"rendered":"<p>SELBSTVERRIEGELNDE ZANGE 1 St.<\/p>\n","protected":false},"featured_media":537695,"template":"","meta":{"_seopress_robots_primary_cat":"","_seopress_titles_title":"","_seopress_titles_desc":"","_seopress_robots_index":""},"product_brand":[3407],"product_cat":[5416,33],"product_tag":[3270],"class_list":{"0":"post-621866","1":"product","2":"type-product","3":"status-publish","4":"has-post-thumbnail","6":"product_brand-milwaukee","7":"product_cat-utensili-per-officina","8":"product_cat-attrezzature","9":"product_tag-import-milwau","10":"sws-conto-ricavi-merci-rivendita-macchinari-de","11":"sws-gruppo-iva-iva81-de","13":"first","14":"onbackorder","15":"sale","16":"shipping-taxable","17":"purchasable","18":"product-type-simple"},"_links":{"self":[{"href":"https:\/\/lucacastelli.com\/de\/wp-json\/wp\/v2\/product\/621866","targetHints":{"allow":["GET"]}}],"collection":[{"href":"https:\/\/lucacastelli.com\/de\/wp-json\/wp\/v2\/product"}],"about":[{"href":"https:\/\/lucacastelli.com\/de\/wp-json\/wp\/v2\/types\/product"}],"wp:featuredmedia":[{"embeddable":true,"href":"https:\/\/lucacastelli.com\/de\/wp-json\/wp\/v2\/media\/537695"}],"wp:attachment":[{"href":"https:\/\/lucacastelli.com\/de\/wp-json\/wp\/v2\/media?parent=621866"}],"wp:term":[{"taxonomy":"product_brand","embeddable":true,"href":"https:\/\/lucacastelli.com\/de\/wp-json\/wp\/v2\/product_brand?post=621866"},{"taxonomy":"product_cat","embeddable":true,"href":"https:\/\/lucacastelli.com\/de\/wp-json\/wp\/v2\/product_cat?post=621866"},{"taxonomy":"product_tag","embeddable":true,"href":"https:\/\/lucacastelli.com\/de\/wp-json\/wp\/v2\/product_tag?post=621866"}],"curies":[{"name":"wp","href":"https:\/\/api.w.org\/{rel}","templated":true}]}}