{"id":621865,"date":"2025-08-09T19:31:37","date_gmt":"2025-08-09T17:31:37","guid":{"rendered":"https:\/\/lucacastelli.com\/prodotto\/milwaukee-selbstsichernde-zange-mit-gabelbacken\/"},"modified":"2025-08-09T19:31:37","modified_gmt":"2025-08-09T17:31:37","slug":"milwaukee-selbstsichernde-zange-mit-gabelbacken","status":"publish","type":"product","link":"https:\/\/lucacastelli.com\/de\/produkt\/milwaukee-selbstsichernde-zange-mit-gabelbacken\/","title":{"rendered":"Milwaukee Selbstsichernde Zange mit Gabelbacken"},"content":{"rendered":"<p>AUTOBLOC-ZANGE. GAN. FORC 9 pol\/229 mm<br \/>\nTORQUE LOCK\u2122 erm\u00f6glicht ein schnelleres Einstellen und einfaches L\u00f6sen f\u00fcr Spannmaterial verschiedener Ausf\u00fchrungen. F\u00fcr einen besseren und sicheren Halt kann zus\u00e4tzliche Kraft auf die TORQUE LOCK\u2122 Schraube ausge\u00fcbt werden. Diese Vorrichtung kann auch zum Aufh\u00e4ngen der Schelle verwendet werden;Spezielle U-f\u00f6rmige Backen f\u00fcr einen klauen\u00e4hnlichen Griff an Rund- und Vierkantrohren w\u00e4hrend. Auch n\u00fctzlich w\u00e4hrend des Schwei\u00dfvorgangs;Geh\u00e4rtete Backen f\u00fcr eine bessere Greifkraft auf das Material;Verchromtes Werkzeug erh\u00f6ht die Haltbarkeit, indem es Korrosion reduziert;MAXBITE\u2122 selbstsichernde Zangen haben ein spezielles Backendesign f\u00fcr maximalen Halt     <\/p>\n<p>4932493616<br \/>\n4058546484873<\/p>\n","protected":false},"excerpt":{"rendered":"<p>AUTOBLOC-ZANGE. GAN. FORC 9 pol\/229 mm  <\/p>\n","protected":false},"featured_media":562813,"template":"","meta":{"_seopress_robots_primary_cat":"","_seopress_titles_title":"","_seopress_titles_desc":"","_seopress_robots_index":""},"product_brand":[3407],"product_cat":[5416,33],"product_tag":[3270],"class_list":{"0":"post-621865","1":"product","2":"type-product","3":"status-publish","4":"has-post-thumbnail","6":"product_brand-milwaukee","7":"product_cat-utensili-per-officina","8":"product_cat-attrezzature","9":"product_tag-import-milwau","10":"sws-conto-ricavi-merci-rivendita-macchinari-de","11":"sws-gruppo-iva-iva81-de","13":"first","14":"onbackorder","15":"sale","16":"shipping-taxable","17":"purchasable","18":"product-type-simple"},"_links":{"self":[{"href":"https:\/\/lucacastelli.com\/de\/wp-json\/wp\/v2\/product\/621865","targetHints":{"allow":["GET"]}}],"collection":[{"href":"https:\/\/lucacastelli.com\/de\/wp-json\/wp\/v2\/product"}],"about":[{"href":"https:\/\/lucacastelli.com\/de\/wp-json\/wp\/v2\/types\/product"}],"wp:featuredmedia":[{"embeddable":true,"href":"https:\/\/lucacastelli.com\/de\/wp-json\/wp\/v2\/media\/562813"}],"wp:attachment":[{"href":"https:\/\/lucacastelli.com\/de\/wp-json\/wp\/v2\/media?parent=621865"}],"wp:term":[{"taxonomy":"product_brand","embeddable":true,"href":"https:\/\/lucacastelli.com\/de\/wp-json\/wp\/v2\/product_brand?post=621865"},{"taxonomy":"product_cat","embeddable":true,"href":"https:\/\/lucacastelli.com\/de\/wp-json\/wp\/v2\/product_cat?post=621865"},{"taxonomy":"product_tag","embeddable":true,"href":"https:\/\/lucacastelli.com\/de\/wp-json\/wp\/v2\/product_tag?post=621865"}],"curies":[{"name":"wp","href":"https:\/\/api.w.org\/{rel}","templated":true}]}}