{"id":621847,"date":"2025-08-09T11:40:59","date_gmt":"2025-08-09T09:40:59","guid":{"rendered":"https:\/\/lucacastelli.com\/prodotto\/milwaukee-betonbohrer-premium-serie-17\/"},"modified":"2025-08-09T11:40:59","modified_gmt":"2025-08-09T09:40:59","slug":"milwaukee-betonbohrer-premium-serie-17","status":"publish","type":"product","link":"https:\/\/lucacastelli.com\/de\/produkt\/milwaukee-betonbohrer-premium-serie-17\/","title":{"rendered":"Milwaukee Betonbohrer &#8211; PREMIUM Serie"},"content":{"rendered":"<p>PREMIUM CONCRETE BITTER 8X400 MM<br \/>\nSchneide aus Wolframkarbid (TCT) erm\u00f6glicht das Bohren in Beton, Porenbeton, Ziegel, Schiefer und Granit;Die rote Rille erm\u00f6glicht eine leichtere Identifizierung;Kann mit Bohrern verwendet werden, indem das schl\u00fcssellose Bohrfutter verwendet und der Rotationsmodus aktiviert wird<\/p>\n<p>4932493888<br \/>\n4058546510480<\/p>\n","protected":false},"excerpt":{"rendered":"<p>PREMIUM BETONBOHRER 8X400 MM<\/p>\n","protected":false},"featured_media":564624,"template":"","meta":{"_seopress_robots_primary_cat":"","_seopress_titles_title":"","_seopress_titles_desc":"","_seopress_robots_index":""},"product_brand":[3407],"product_cat":[29,514,549,550],"product_tag":[3270],"class_list":{"0":"post-621847","1":"product","2":"type-product","3":"status-publish","4":"has-post-thumbnail","6":"product_brand-milwaukee","7":"product_cat-macchinari","8":"product_cat-altri-dispositivi","9":"product_cat-trapani-e-avvitatori","10":"product_cat-accessori-per-trapani-ed-avvitatori","11":"product_tag-import-milwau","12":"sws-conto-ricavi-merci-rivendita-macchinari-de","13":"sws-gruppo-iva-iva81-de","15":"first","16":"onbackorder","17":"sale","18":"shipping-taxable","19":"purchasable","20":"product-type-simple"},"_links":{"self":[{"href":"https:\/\/lucacastelli.com\/de\/wp-json\/wp\/v2\/product\/621847","targetHints":{"allow":["GET"]}}],"collection":[{"href":"https:\/\/lucacastelli.com\/de\/wp-json\/wp\/v2\/product"}],"about":[{"href":"https:\/\/lucacastelli.com\/de\/wp-json\/wp\/v2\/types\/product"}],"wp:featuredmedia":[{"embeddable":true,"href":"https:\/\/lucacastelli.com\/de\/wp-json\/wp\/v2\/media\/564624"}],"wp:attachment":[{"href":"https:\/\/lucacastelli.com\/de\/wp-json\/wp\/v2\/media?parent=621847"}],"wp:term":[{"taxonomy":"product_brand","embeddable":true,"href":"https:\/\/lucacastelli.com\/de\/wp-json\/wp\/v2\/product_brand?post=621847"},{"taxonomy":"product_cat","embeddable":true,"href":"https:\/\/lucacastelli.com\/de\/wp-json\/wp\/v2\/product_cat?post=621847"},{"taxonomy":"product_tag","embeddable":true,"href":"https:\/\/lucacastelli.com\/de\/wp-json\/wp\/v2\/product_tag?post=621847"}],"curies":[{"name":"wp","href":"https:\/\/api.w.org\/{rel}","templated":true}]}}