{"id":621839,"date":"2025-08-09T11:39:55","date_gmt":"2025-08-09T09:39:55","guid":{"rendered":"https:\/\/lucacastelli.com\/prodotto\/milwaukee-diamond-max-trockendiamantbohrer-25\/"},"modified":"2025-08-09T11:39:55","modified_gmt":"2025-08-09T09:39:55","slug":"milwaukee-diamond-max-trockendiamantbohrer-25","status":"publish","type":"product","link":"https:\/\/lucacastelli.com\/de\/produkt\/milwaukee-diamond-max-trockendiamantbohrer-25\/","title":{"rendered":"Milwaukee DIAMOND MAX\u2122 Trockendiamantbohrer"},"content":{"rendered":"<p>DIAMANTBOHRER M14 &#8211; 75MM -1St.<br \/>\nDie Diamantbohrer wurden speziell f\u00fcr Profis entwickelt, die extrem harte Materialien wie Porzellan \/ Steinzeug \/ Steinzeugfliesen, Gusseisen oder Fiberglas bohren m\u00fcssen, bei denen es immer schwieriger wird, mit herk\u00f6mmlichen Bohrern zu arbeiten. Diese Bohrkronen garantieren selbst in den schwierigsten Materialien eine hervorragende Leistung und eine \u00fcberragende Haltbarkeit;Trockener Einsatz: Diese Diamantbohrkronen ben\u00f6tigen kein Wasser zur K\u00fchlung;M14-Gewinde. Sie k\u00f6nnen direkt auf Schleifmaschinen montiert werden;Pr\u00e4zise und saubere L\u00f6cher: Bohren Sie L\u00f6cher ohne Risse am Umfang;Langlebig: Qualit\u00e4tsdiamanten und robustes Hartl\u00f6ten wurden verwendet, um schnelles Schneiden und beste Leistung \u00fcber die gesamte Lebensdauer zu gew\u00e4hrleisten;Langlebig: Langlebiger Legierungsk\u00f6rper, der sich nicht leicht verbiegt oder verformt;Einfacher Auswurf von Schutt: Gr\u00f6\u00dfere Auswurfschlitze f\u00fcr bessere Hebelwirkung;Anwendungsbereiche:;Keramikfliesen &#8211; alle harten und weichen Arten: Porzellan \/ Steinzeug \/ Steinbruch \/ Terrazzo \/ Marmor \/ Kunststein \/ Terrakotta \/ Agglomerat \/ glasiert;Gusseisen;Fiberglas\/GPR;(Glasfaserverst\u00e4rkt durch Kunststoff)\/Perspex;Wie man sie benutzt:;1. Diamantbohrkronen passen direkt auf den Winkelschleifer mit M31-Gewinde   <\/p>\n<p>4932478286<br \/>\n4058546344634<\/p>\n","protected":false},"excerpt":{"rendered":"<p>DIAMANTENSPITZE M14 &#8211; 75MM -1Stk.<\/p>\n","protected":false},"featured_media":540683,"template":"","meta":{"_seopress_robots_primary_cat":"","_seopress_titles_title":"","_seopress_titles_desc":"","_seopress_robots_index":""},"product_brand":[3407],"product_cat":[29,514,549,550],"product_tag":[3270],"class_list":{"0":"post-621839","1":"product","2":"type-product","3":"status-publish","4":"has-post-thumbnail","6":"product_brand-milwaukee","7":"product_cat-macchinari","8":"product_cat-altri-dispositivi","9":"product_cat-trapani-e-avvitatori","10":"product_cat-accessori-per-trapani-ed-avvitatori","11":"product_tag-import-milwau","12":"sws-conto-ricavi-merci-rivendita-macchinari-de","13":"sws-gruppo-iva-iva81-de","15":"first","16":"onbackorder","17":"sale","18":"shipping-taxable","19":"purchasable","20":"product-type-simple"},"_links":{"self":[{"href":"https:\/\/lucacastelli.com\/de\/wp-json\/wp\/v2\/product\/621839","targetHints":{"allow":["GET"]}}],"collection":[{"href":"https:\/\/lucacastelli.com\/de\/wp-json\/wp\/v2\/product"}],"about":[{"href":"https:\/\/lucacastelli.com\/de\/wp-json\/wp\/v2\/types\/product"}],"wp:featuredmedia":[{"embeddable":true,"href":"https:\/\/lucacastelli.com\/de\/wp-json\/wp\/v2\/media\/540683"}],"wp:attachment":[{"href":"https:\/\/lucacastelli.com\/de\/wp-json\/wp\/v2\/media?parent=621839"}],"wp:term":[{"taxonomy":"product_brand","embeddable":true,"href":"https:\/\/lucacastelli.com\/de\/wp-json\/wp\/v2\/product_brand?post=621839"},{"taxonomy":"product_cat","embeddable":true,"href":"https:\/\/lucacastelli.com\/de\/wp-json\/wp\/v2\/product_cat?post=621839"},{"taxonomy":"product_tag","embeddable":true,"href":"https:\/\/lucacastelli.com\/de\/wp-json\/wp\/v2\/product_tag?post=621839"}],"curies":[{"name":"wp","href":"https:\/\/api.w.org\/{rel}","templated":true}]}}