{"id":621806,"date":"2025-08-09T11:38:46","date_gmt":"2025-08-09T09:38:46","guid":{"rendered":"https:\/\/lucacastelli.com\/prodotto\/milwaukee-diamond-plus-trocken-nassbohrkronen-5\/"},"modified":"2025-08-09T11:38:46","modified_gmt":"2025-08-09T09:38:46","slug":"milwaukee-diamond-plus-trocken-nassbohrkronen-5","status":"publish","type":"product","link":"https:\/\/lucacastelli.com\/de\/produkt\/milwaukee-diamond-plus-trocken-nassbohrkronen-5\/","title":{"rendered":"Milwaukee Diamond Plus Trocken-\/Nassbohrkronen"},"content":{"rendered":"<p>Diamond Max Tile Drill 14mm-1pc<br \/>\nDiamantbohrer wurden f\u00fcr Profis entwickelt, die in extrem harte Materialien wie Porzellan\/gres\/quarry tiles\/cast iron oder Fiberglas bohren m\u00fcssen, wo es immer schwierig ist, mit konventionellen Bohrern zu bohren. Sie garantieren eine hervorragende Leistung und eine l\u00e4ngere Lebensdauer selbst in den h\u00e4rtesten Materialien;Bew\u00e4sserung: Diese Bohrer ben\u00f6tigen nur ein begrenztes Spr\u00fchen im Gegensatz zu konventionellen Diamantbohrern, die einen kontinuierlichen Wasserfluss ben\u00f6tigen. Tauche den Bohrer einfach zu Beginn jedes Lochs in Wasser und wiederhole diesen Vorgang alle 5 Sekunden;Saubere L\u00f6cher: pr\u00e4zises und sauberes Bohren ohne Grate zu hinterlassen;Lebensdauer: Um eine lange Lebensdauer zu gew\u00e4hrleisten, verwenden wir hochwertige Diamantpartikel, um maximale Schneidleistung und maximale Lebensdauer zu garantieren;Langlebigkeit: strapazierf\u00e4higer Legierungsk\u00f6rper f\u00fcr maximale Leistung;Breites Schlitzdesign: f\u00fcr eine einfache Materialentnahme;Vielseitig: kann sowohl mit dem Schleifer, dank der speziellen Adapter, als auch mit dem Bohrer verwendet werden <\/p>\n<p>4932498346<br \/>\n4058546522155<\/p>\n","protected":false},"excerpt":{"rendered":"<p>Diamant Max Fliesenbohrer 14mm-1St.<\/p>\n","protected":false},"featured_media":567225,"template":"","meta":{"_seopress_robots_primary_cat":"","_seopress_titles_title":"","_seopress_titles_desc":"","_seopress_robots_index":""},"product_brand":[3407],"product_cat":[29,514,549,550],"product_tag":[3270],"class_list":{"0":"post-621806","1":"product","2":"type-product","3":"status-publish","4":"has-post-thumbnail","6":"product_brand-milwaukee","7":"product_cat-macchinari","8":"product_cat-altri-dispositivi","9":"product_cat-trapani-e-avvitatori","10":"product_cat-accessori-per-trapani-ed-avvitatori","11":"product_tag-import-milwau","12":"sws-conto-ricavi-merci-rivendita-macchinari-de","13":"sws-gruppo-iva-iva81-de","15":"first","16":"onbackorder","17":"sale","18":"shipping-taxable","19":"purchasable","20":"product-type-simple"},"_links":{"self":[{"href":"https:\/\/lucacastelli.com\/de\/wp-json\/wp\/v2\/product\/621806","targetHints":{"allow":["GET"]}}],"collection":[{"href":"https:\/\/lucacastelli.com\/de\/wp-json\/wp\/v2\/product"}],"about":[{"href":"https:\/\/lucacastelli.com\/de\/wp-json\/wp\/v2\/types\/product"}],"wp:featuredmedia":[{"embeddable":true,"href":"https:\/\/lucacastelli.com\/de\/wp-json\/wp\/v2\/media\/567225"}],"wp:attachment":[{"href":"https:\/\/lucacastelli.com\/de\/wp-json\/wp\/v2\/media?parent=621806"}],"wp:term":[{"taxonomy":"product_brand","embeddable":true,"href":"https:\/\/lucacastelli.com\/de\/wp-json\/wp\/v2\/product_brand?post=621806"},{"taxonomy":"product_cat","embeddable":true,"href":"https:\/\/lucacastelli.com\/de\/wp-json\/wp\/v2\/product_cat?post=621806"},{"taxonomy":"product_tag","embeddable":true,"href":"https:\/\/lucacastelli.com\/de\/wp-json\/wp\/v2\/product_tag?post=621806"}],"curies":[{"name":"wp","href":"https:\/\/api.w.org\/{rel}","templated":true}]}}