{"id":621799,"date":"2025-08-09T11:38:38","date_gmt":"2025-08-09T09:38:38","guid":{"rendered":"https:\/\/lucacastelli.com\/prodotto\/milwaukee-metallbohrer-hss-g-titanium-shockwave-8\/"},"modified":"2025-08-09T11:38:38","modified_gmt":"2025-08-09T09:38:38","slug":"milwaukee-metallbohrer-hss-g-titanium-shockwave-8","status":"publish","type":"product","link":"https:\/\/lucacastelli.com\/de\/produkt\/milwaukee-metallbohrer-hss-g-titanium-shockwave-8\/","title":{"rendered":"Milwaukee Metallbohrer HSS-G TITANIUM SHOCKWAVE"},"content":{"rendered":"<p>SW REDHEX HSS-G 10pcs<br \/>\nSW REDHEX HSS-G 10pcs 1\/4 Zoll Sechskantschaft-Bit optimiert f\u00fcr Schlagschrauber;Titan-Nitrid-Beschichtung hilft, den Bit zu k\u00fchlen und erm\u00f6glicht es, ihn auch bei hohen Geschwindigkeiten zu verwenden;135-Grad-Winkel-Bit-Geometrie reduziert den Bit-Schlupf und erm\u00f6glicht maximale Bohrgenauigkeit, ohne den Bit zu \u00fcberhitzen;Variables Nuten-Design. Dies erm\u00f6glicht einen schnelleren Materialauswurf und reduziert die W\u00e4rmeentwicklung, was zu einer h\u00f6heren Effizienz f\u00fchrt; st\u00e4rkere Konstruktion f\u00fcr eine l\u00e4ngere Haltbarkeit und Lebensdauer des Bohrers <\/p>\n<p>4932493865<br \/>\n4058546510251<\/p>\n","protected":false},"excerpt":{"rendered":"<p>SW REDHEX HSS-G 10Stk.<\/p>\n","protected":false},"featured_media":564565,"template":"","meta":{"_seopress_robots_primary_cat":"","_seopress_titles_title":"","_seopress_titles_desc":"","_seopress_robots_index":""},"product_brand":[3407],"product_cat":[29,514,549,550],"product_tag":[3270],"class_list":{"0":"post-621799","1":"product","2":"type-product","3":"status-publish","4":"has-post-thumbnail","6":"product_brand-milwaukee","7":"product_cat-macchinari","8":"product_cat-altri-dispositivi","9":"product_cat-trapani-e-avvitatori","10":"product_cat-accessori-per-trapani-ed-avvitatori","11":"product_tag-import-milwau","12":"sws-conto-ricavi-merci-rivendita-macchinari-de","13":"sws-gruppo-iva-iva81-de","15":"first","16":"onbackorder","17":"sale","18":"shipping-taxable","19":"purchasable","20":"product-type-simple"},"_links":{"self":[{"href":"https:\/\/lucacastelli.com\/de\/wp-json\/wp\/v2\/product\/621799","targetHints":{"allow":["GET"]}}],"collection":[{"href":"https:\/\/lucacastelli.com\/de\/wp-json\/wp\/v2\/product"}],"about":[{"href":"https:\/\/lucacastelli.com\/de\/wp-json\/wp\/v2\/types\/product"}],"wp:featuredmedia":[{"embeddable":true,"href":"https:\/\/lucacastelli.com\/de\/wp-json\/wp\/v2\/media\/564565"}],"wp:attachment":[{"href":"https:\/\/lucacastelli.com\/de\/wp-json\/wp\/v2\/media?parent=621799"}],"wp:term":[{"taxonomy":"product_brand","embeddable":true,"href":"https:\/\/lucacastelli.com\/de\/wp-json\/wp\/v2\/product_brand?post=621799"},{"taxonomy":"product_cat","embeddable":true,"href":"https:\/\/lucacastelli.com\/de\/wp-json\/wp\/v2\/product_cat?post=621799"},{"taxonomy":"product_tag","embeddable":true,"href":"https:\/\/lucacastelli.com\/de\/wp-json\/wp\/v2\/product_tag?post=621799"}],"curies":[{"name":"wp","href":"https:\/\/api.w.org\/{rel}","templated":true}]}}