{"id":621787,"date":"2025-08-09T11:38:31","date_gmt":"2025-08-09T09:38:31","guid":{"rendered":"https:\/\/lucacastelli.com\/prodotto\/milwaukee-metallbohrer-hss-g-titanium-shockwave-5\/"},"modified":"2025-08-09T11:38:31","modified_gmt":"2025-08-09T09:38:31","slug":"milwaukee-metallbohrer-hss-g-titanium-shockwave-5","status":"publish","type":"product","link":"https:\/\/lucacastelli.com\/de\/produkt\/milwaukee-metallbohrer-hss-g-titanium-shockwave-5\/","title":{"rendered":"Milwaukee Metallbohrer HSS-G TITANIUM SHOCKWAVE"},"content":{"rendered":"<p>REDHEX HSS-G 3.5X69MM 10pcs<br \/>\nBohrer mit 1\/4Zoll Sechskantschaft optimiert f\u00fcr Schlagschrauber;Titan-Nitrid-Beschichtung hilft, den Bohrer zu k\u00fchlen und erm\u00f6glicht es, ihn auch bei hohen Geschwindigkeiten zu verwenden;135\u00b0-Winkel-Bohrergeometrie reduziert den Schlupf des Bohrers und erm\u00f6glicht maximale Bohrgenauigkeit, ohne den Bohrer zu \u00fcberhitzen;Variables Nuten-Design. Dies erm\u00f6glicht einen schnelleren Materialauswurf und reduziert die W\u00e4rmeentwicklung, was zu einer h\u00f6heren Effizienz f\u00fchrt;St\u00e4rkeres Design f\u00fcr eine l\u00e4ngere Haltbarkeit und Lebensdauer des Bohrers;H\u00f6here Vielseitigkeit durch den 1\/4Zoll Sechskantschaft, der die Verwendung auf Bohrmaschinen und Schlagschraubern erm\u00f6glicht <\/p>\n<p>4932478177<br \/>\n4058546341107<\/p>\n","protected":false},"excerpt":{"rendered":"<p>REDHEX HSS-G 3,5X69MM 10St.<\/p>\n","protected":false},"featured_media":540308,"template":"","meta":{"_seopress_robots_primary_cat":"","_seopress_titles_title":"","_seopress_titles_desc":"","_seopress_robots_index":""},"product_brand":[3656],"product_cat":[169,1454,1553,1554],"product_tag":[3272],"class_list":{"0":"post-621787","1":"product","2":"type-product","3":"status-publish","4":"has-post-thumbnail","6":"product_brand-milwaukee-de","7":"product_cat-maschinen","8":"product_cat-andere-gerate","9":"product_cat-bohrer-und-schraubendreher","10":"product_cat-zubehor-fur-bohrmaschinen-und-schraubendreher","11":"product_tag-import-milwau-de","12":"sws-conto-ricavi-merci-rivendita-macchinari-de","13":"sws-gruppo-iva-iva81-de","15":"first","16":"onbackorder","17":"sale","18":"shipping-taxable","19":"purchasable","20":"product-type-simple"},"_links":{"self":[{"href":"https:\/\/lucacastelli.com\/de\/wp-json\/wp\/v2\/product\/621787","targetHints":{"allow":["GET"]}}],"collection":[{"href":"https:\/\/lucacastelli.com\/de\/wp-json\/wp\/v2\/product"}],"about":[{"href":"https:\/\/lucacastelli.com\/de\/wp-json\/wp\/v2\/types\/product"}],"wp:featuredmedia":[{"embeddable":true,"href":"https:\/\/lucacastelli.com\/de\/wp-json\/wp\/v2\/media\/540308"}],"wp:attachment":[{"href":"https:\/\/lucacastelli.com\/de\/wp-json\/wp\/v2\/media?parent=621787"}],"wp:term":[{"taxonomy":"product_brand","embeddable":true,"href":"https:\/\/lucacastelli.com\/de\/wp-json\/wp\/v2\/product_brand?post=621787"},{"taxonomy":"product_cat","embeddable":true,"href":"https:\/\/lucacastelli.com\/de\/wp-json\/wp\/v2\/product_cat?post=621787"},{"taxonomy":"product_tag","embeddable":true,"href":"https:\/\/lucacastelli.com\/de\/wp-json\/wp\/v2\/product_tag?post=621787"}],"curies":[{"name":"wp","href":"https:\/\/api.w.org\/{rel}","templated":true}]}}