{"id":621781,"date":"2025-08-09T19:31:34","date_gmt":"2025-08-09T17:31:34","guid":{"rendered":"https:\/\/lucacastelli.com\/prodotto\/milwaukee-selbstsichernde-zange-mit-breiten-backen\/"},"modified":"2025-08-09T19:31:34","modified_gmt":"2025-08-09T17:31:34","slug":"milwaukee-selbstsichernde-zange-mit-breiten-backen","status":"publish","type":"product","link":"https:\/\/lucacastelli.com\/de\/produkt\/milwaukee-selbstsichernde-zange-mit-breiten-backen\/","title":{"rendered":"Milwaukee Selbstsichernde Zange mit breiten Backen"},"content":{"rendered":"<p>TORQUE LOCK\u2122 SELFLOCKING PLIERS 12 pol\/305 mm<br \/>\nTORQUE LOCK\u2122 SELFLOCKING PLIERS: schnelle und einfache Montage auf flachen und runden Oberfl\u00e4chen. Zus\u00e4tzliche Kraft kann aufgebracht werden. Kann auch zum Aufh\u00e4ngen oder Lagern von Material verwendet werden; geh\u00e4rtete Backen f\u00fcr besseren Griff und Halt am Material; Rostschutz: Verchromung erh\u00f6ht die Haltbarkeit durch Reduzierung der Korrosion  <\/p>\n<p>4932493619<br \/>\n4058546484903<\/p>\n","protected":false},"excerpt":{"rendered":"<p>AUTOBLOC.GAN WIDE 12 pol\/305 mm Zange<\/p>\n","protected":false},"featured_media":562820,"template":"","meta":{"_seopress_robots_primary_cat":"","_seopress_titles_title":"","_seopress_titles_desc":"","_seopress_robots_index":""},"product_brand":[3407],"product_cat":[5416,33],"product_tag":[3270],"class_list":{"0":"post-621781","1":"product","2":"type-product","3":"status-publish","4":"has-post-thumbnail","6":"product_brand-milwaukee","7":"product_cat-utensili-per-officina","8":"product_cat-attrezzature","9":"product_tag-import-milwau","10":"sws-conto-ricavi-merci-rivendita-macchinari-de","11":"sws-gruppo-iva-iva81-de","13":"first","14":"onbackorder","15":"sale","16":"shipping-taxable","17":"purchasable","18":"product-type-simple"},"_links":{"self":[{"href":"https:\/\/lucacastelli.com\/de\/wp-json\/wp\/v2\/product\/621781","targetHints":{"allow":["GET"]}}],"collection":[{"href":"https:\/\/lucacastelli.com\/de\/wp-json\/wp\/v2\/product"}],"about":[{"href":"https:\/\/lucacastelli.com\/de\/wp-json\/wp\/v2\/types\/product"}],"wp:featuredmedia":[{"embeddable":true,"href":"https:\/\/lucacastelli.com\/de\/wp-json\/wp\/v2\/media\/562820"}],"wp:attachment":[{"href":"https:\/\/lucacastelli.com\/de\/wp-json\/wp\/v2\/media?parent=621781"}],"wp:term":[{"taxonomy":"product_brand","embeddable":true,"href":"https:\/\/lucacastelli.com\/de\/wp-json\/wp\/v2\/product_brand?post=621781"},{"taxonomy":"product_cat","embeddable":true,"href":"https:\/\/lucacastelli.com\/de\/wp-json\/wp\/v2\/product_cat?post=621781"},{"taxonomy":"product_tag","embeddable":true,"href":"https:\/\/lucacastelli.com\/de\/wp-json\/wp\/v2\/product_tag?post=621781"}],"curies":[{"name":"wp","href":"https:\/\/api.w.org\/{rel}","templated":true}]}}