{"id":621774,"date":"2025-08-09T19:31:00","date_gmt":"2025-08-09T17:31:00","guid":{"rendered":"https:\/\/lucacastelli.com\/prodotto\/milwaukee-tintenmarker-mit-grosser-spitze-2\/"},"modified":"2025-08-09T19:31:00","modified_gmt":"2025-08-09T17:31:00","slug":"milwaukee-tintenmarker-mit-grosser-spitze-2","status":"publish","type":"product","link":"https:\/\/lucacastelli.com\/de\/produkt\/milwaukee-tintenmarker-mit-grosser-spitze-2\/","title":{"rendered":"Milwaukee Tintenmarker mit gro\u00dfer Spitze"},"content":{"rendered":"<p>PENNAREL. INDEL.L-WIDE POINT L-BLACK 3 PZ<br \/>\nBeh\u00e4lt die Schreibkraft auch nach 72 Stunden ohne Kappe bei;Kann auf feuchten, \u00f6ligen, rostigen und mit Schmutz bedeckten Oberfl\u00e4chen verwendet werden;F\u00fcr den Einsatz auf Beton, Holz, Metall, Sperrholz, OSB und Kunststoff;Schnell trocknende Tinte &#8211; reduziert das Verschmieren auf PVC- und Metalloberfl\u00e4chen;Einfaches Ablesen aus gro\u00dfer Entfernung dank extrabreitem Strich <\/p>\n<p>4932471554<br \/>\n4058546294533<\/p>\n","protected":false},"excerpt":{"rendered":"<p>PENNAREL. INDEL.LARGE TIP L-SCHWARZ 3 STK. <\/p>\n","protected":false},"featured_media":536875,"template":"","meta":{"_seopress_robots_primary_cat":"","_seopress_titles_title":"","_seopress_titles_desc":"","_seopress_robots_index":""},"product_brand":[3407],"product_cat":[5416,33],"product_tag":[3270],"class_list":{"0":"post-621774","1":"product","2":"type-product","3":"status-publish","4":"has-post-thumbnail","6":"product_brand-milwaukee","7":"product_cat-utensili-per-officina","8":"product_cat-attrezzature","9":"product_tag-import-milwau","10":"sws-conto-ricavi-merci-rivendita-macchinari-de","11":"sws-gruppo-iva-iva81-de","13":"first","14":"onbackorder","15":"sale","16":"shipping-taxable","17":"purchasable","18":"product-type-simple"},"_links":{"self":[{"href":"https:\/\/lucacastelli.com\/de\/wp-json\/wp\/v2\/product\/621774","targetHints":{"allow":["GET"]}}],"collection":[{"href":"https:\/\/lucacastelli.com\/de\/wp-json\/wp\/v2\/product"}],"about":[{"href":"https:\/\/lucacastelli.com\/de\/wp-json\/wp\/v2\/types\/product"}],"wp:featuredmedia":[{"embeddable":true,"href":"https:\/\/lucacastelli.com\/de\/wp-json\/wp\/v2\/media\/536875"}],"wp:attachment":[{"href":"https:\/\/lucacastelli.com\/de\/wp-json\/wp\/v2\/media?parent=621774"}],"wp:term":[{"taxonomy":"product_brand","embeddable":true,"href":"https:\/\/lucacastelli.com\/de\/wp-json\/wp\/v2\/product_brand?post=621774"},{"taxonomy":"product_cat","embeddable":true,"href":"https:\/\/lucacastelli.com\/de\/wp-json\/wp\/v2\/product_cat?post=621774"},{"taxonomy":"product_tag","embeddable":true,"href":"https:\/\/lucacastelli.com\/de\/wp-json\/wp\/v2\/product_tag?post=621774"}],"curies":[{"name":"wp","href":"https:\/\/api.w.org\/{rel}","templated":true}]}}