{"id":621773,"date":"2025-08-09T19:21:56","date_gmt":"2025-08-09T17:21:56","guid":{"rendered":"https:\/\/lucacastelli.com\/prodotto\/milwaukee-gummischutz-fuer-m12-fid2\/"},"modified":"2025-08-09T19:21:56","modified_gmt":"2025-08-09T17:21:56","slug":"milwaukee-gummischutz-fuer-m12-fid2","status":"publish","type":"product","link":"https:\/\/lucacastelli.com\/de\/produkt\/milwaukee-gummischutz-fuer-m12-fid2\/","title":{"rendered":"Milwaukee Gummischutz f\u00fcr M12 FID2"},"content":{"rendered":"<p>M12 FID2\/RUBBER COATINGS<br \/>\nLeicht und kompakt, sch\u00fctzt das Werkzeug und die Oberfl\u00e4chen bei minimaler Auswirkung auf die Gr\u00f6\u00dfe und das Gewicht des Werkzeugs;Flexibles Material f\u00fcr einfaches Anbringen und Entfernen;Strapazierf\u00e4higes Gummi, entwickelt, um korrosiven Materialien zu widerstehen, die \u00fcblicherweise in Arbeitsumgebungen zu finden sind;Nicht geeignet f\u00fcr die Verwendung auf stromf\u00fchrenden Stromkreisen;Die Verwendung auf einem anderen als dem angegebenen Werkzeug kann zu Sch\u00e4den am Werkzeugmotor f\u00fchren und die Garantie ung\u00fcltig machen<\/p>\n<p>4932479977<\/p>\n","protected":false},"excerpt":{"rendered":"<p>M12 FID2\/GUMMIBESCHICHTUNGEN<\/p>\n","protected":false},"featured_media":545665,"template":"","meta":{"_seopress_robots_primary_cat":"","_seopress_titles_title":"","_seopress_titles_desc":"","_seopress_robots_index":""},"product_brand":[3407],"product_cat":[29,549,550],"product_tag":[3270],"class_list":{"0":"post-621773","1":"product","2":"type-product","3":"status-publish","4":"has-post-thumbnail","6":"product_brand-milwaukee","7":"product_cat-macchinari","8":"product_cat-trapani-e-avvitatori","9":"product_cat-accessori-per-trapani-ed-avvitatori","10":"product_tag-import-milwau","11":"sws-conto-ricavi-merci-rivendita-macchinari-de","12":"sws-gruppo-iva-iva81-de","14":"first","15":"onbackorder","16":"sale","17":"shipping-taxable","18":"purchasable","19":"product-type-simple"},"_links":{"self":[{"href":"https:\/\/lucacastelli.com\/de\/wp-json\/wp\/v2\/product\/621773","targetHints":{"allow":["GET"]}}],"collection":[{"href":"https:\/\/lucacastelli.com\/de\/wp-json\/wp\/v2\/product"}],"about":[{"href":"https:\/\/lucacastelli.com\/de\/wp-json\/wp\/v2\/types\/product"}],"wp:featuredmedia":[{"embeddable":true,"href":"https:\/\/lucacastelli.com\/de\/wp-json\/wp\/v2\/media\/545665"}],"wp:attachment":[{"href":"https:\/\/lucacastelli.com\/de\/wp-json\/wp\/v2\/media?parent=621773"}],"wp:term":[{"taxonomy":"product_brand","embeddable":true,"href":"https:\/\/lucacastelli.com\/de\/wp-json\/wp\/v2\/product_brand?post=621773"},{"taxonomy":"product_cat","embeddable":true,"href":"https:\/\/lucacastelli.com\/de\/wp-json\/wp\/v2\/product_cat?post=621773"},{"taxonomy":"product_tag","embeddable":true,"href":"https:\/\/lucacastelli.com\/de\/wp-json\/wp\/v2\/product_tag?post=621773"}],"curies":[{"name":"wp","href":"https:\/\/api.w.org\/{rel}","templated":true}]}}