{"id":621768,"date":"2025-08-09T19:21:55","date_gmt":"2025-08-09T17:21:55","guid":{"rendered":"https:\/\/lucacastelli.com\/prodotto\/milwaukee-steckschluesselverlaengerungen-3-4%cb%9d\/"},"modified":"2025-08-09T19:21:55","modified_gmt":"2025-08-09T17:21:55","slug":"milwaukee-steckschluesselverlaengerungen-3-4%cb%9d","status":"publish","type":"product","link":"https:\/\/lucacastelli.com\/de\/produkt\/milwaukee-steckschluesselverlaengerungen-3-4%cb%9d\/","title":{"rendered":"Milwaukee Steckschl\u00fcsselverl\u00e4ngerungen 3\/4\u02dd"},"content":{"rendered":"<p>VERL\u00c4NGERUNGSKUPPLUNG 3\/4 L\u00c4NGE 250 mm<br \/>\nSHOCKWAVE\u2122 (Chrom-Molybd\u00e4n) schlagfester Stahl ist ein hochwertiger Stahl, der eine besonders lange Lebensdauer erm\u00f6glicht;gestanzte und farbcodierte Ma\u00dfe zur einfachen Identifizierung und um sicherzustellen, dass die Artikelnummer lange eingraviert bleibt;doppelte Bohrung und Rillen zur einfachen Befestigung von Sicherheitszubeh\u00f6r <\/p>\n<p>4932480404<br \/>\n4058546406899<\/p>\n","protected":false},"excerpt":{"rendered":"<p>VERL\u00c4NGERUNGSKUPPLUNG 3\/4 L\u00c4NGE 250 mm <\/p>\n","protected":false},"featured_media":548298,"template":"","meta":{"_seopress_robots_primary_cat":"","_seopress_titles_title":"","_seopress_titles_desc":"","_seopress_robots_index":""},"product_brand":[3407],"product_cat":[29,549,550],"product_tag":[3272],"class_list":{"0":"post-621768","1":"product","2":"type-product","3":"status-publish","4":"has-post-thumbnail","6":"product_brand-milwaukee","7":"product_cat-macchinari","8":"product_cat-trapani-e-avvitatori","9":"product_cat-accessori-per-trapani-ed-avvitatori","10":"product_tag-import-milwau-de","11":"sws-conto-ricavi-merci-rivendita-macchinari-de","12":"sws-gruppo-iva-iva81-de","14":"first","15":"onbackorder","16":"sale","17":"shipping-taxable","18":"purchasable","19":"product-type-simple"},"_links":{"self":[{"href":"https:\/\/lucacastelli.com\/de\/wp-json\/wp\/v2\/product\/621768","targetHints":{"allow":["GET"]}}],"collection":[{"href":"https:\/\/lucacastelli.com\/de\/wp-json\/wp\/v2\/product"}],"about":[{"href":"https:\/\/lucacastelli.com\/de\/wp-json\/wp\/v2\/types\/product"}],"wp:featuredmedia":[{"embeddable":true,"href":"https:\/\/lucacastelli.com\/de\/wp-json\/wp\/v2\/media\/548298"}],"wp:attachment":[{"href":"https:\/\/lucacastelli.com\/de\/wp-json\/wp\/v2\/media?parent=621768"}],"wp:term":[{"taxonomy":"product_brand","embeddable":true,"href":"https:\/\/lucacastelli.com\/de\/wp-json\/wp\/v2\/product_brand?post=621768"},{"taxonomy":"product_cat","embeddable":true,"href":"https:\/\/lucacastelli.com\/de\/wp-json\/wp\/v2\/product_cat?post=621768"},{"taxonomy":"product_tag","embeddable":true,"href":"https:\/\/lucacastelli.com\/de\/wp-json\/wp\/v2\/product_tag?post=621768"}],"curies":[{"name":"wp","href":"https:\/\/api.w.org\/{rel}","templated":true}]}}