{"id":621728,"date":"2025-08-09T11:39:58","date_gmt":"2025-08-09T09:39:58","guid":{"rendered":"https:\/\/lucacastelli.com\/prodotto\/milwaukee-tct-sds-plus-bohrkronen-3\/"},"modified":"2025-08-09T11:39:58","modified_gmt":"2025-08-09T09:39:58","slug":"milwaukee-tct-sds-plus-bohrkronen-3","status":"publish","type":"product","link":"https:\/\/lucacastelli.com\/de\/produkt\/milwaukee-tct-sds-plus-bohrkronen-3\/","title":{"rendered":"Milwaukee TCT SDS-Plus Bohrkronen"},"content":{"rendered":"<p>SDS+ TCT-Kernfr\u00e4ser 100x50mm-1pc<br \/>\nF\u00fcr Bohrh\u00e4mmer bis 4 kg;Alle Kernfr\u00e4ser haben einen M 16-Schaft und k\u00f6nnen entweder mit dem FIXTEC SDS-plus oder dem FIXTEC Hex 11 mm-Schaft verwendet werden;Schaft und Vorbohrer werden ben\u00f6tigt;Made in Germany;Nicht f\u00fcr den Einsatz in Stahlbeton geeignet<\/p>\n<p>4932480689<br \/>\n4058546409746<\/p>\n","protected":false},"excerpt":{"rendered":"<p>SDS+ TCT Kernfr\u00e4ser 100x50mm-1pc<\/p>\n","protected":false},"featured_media":553478,"template":"","meta":{"_seopress_robots_primary_cat":"","_seopress_titles_title":"","_seopress_titles_desc":"","_seopress_robots_index":""},"product_brand":[3407],"product_cat":[29,514,549,550],"product_tag":[3270],"class_list":{"0":"post-621728","1":"product","2":"type-product","3":"status-publish","4":"has-post-thumbnail","6":"product_brand-milwaukee","7":"product_cat-macchinari","8":"product_cat-altri-dispositivi","9":"product_cat-trapani-e-avvitatori","10":"product_cat-accessori-per-trapani-ed-avvitatori","11":"product_tag-import-milwau","12":"sws-conto-ricavi-merci-rivendita-macchinari-de","13":"sws-gruppo-iva-iva81-de","15":"first","16":"onbackorder","17":"sale","18":"shipping-taxable","19":"purchasable","20":"product-type-simple"},"_links":{"self":[{"href":"https:\/\/lucacastelli.com\/de\/wp-json\/wp\/v2\/product\/621728","targetHints":{"allow":["GET"]}}],"collection":[{"href":"https:\/\/lucacastelli.com\/de\/wp-json\/wp\/v2\/product"}],"about":[{"href":"https:\/\/lucacastelli.com\/de\/wp-json\/wp\/v2\/types\/product"}],"wp:featuredmedia":[{"embeddable":true,"href":"https:\/\/lucacastelli.com\/de\/wp-json\/wp\/v2\/media\/553478"}],"wp:attachment":[{"href":"https:\/\/lucacastelli.com\/de\/wp-json\/wp\/v2\/media?parent=621728"}],"wp:term":[{"taxonomy":"product_brand","embeddable":true,"href":"https:\/\/lucacastelli.com\/de\/wp-json\/wp\/v2\/product_brand?post=621728"},{"taxonomy":"product_cat","embeddable":true,"href":"https:\/\/lucacastelli.com\/de\/wp-json\/wp\/v2\/product_cat?post=621728"},{"taxonomy":"product_tag","embeddable":true,"href":"https:\/\/lucacastelli.com\/de\/wp-json\/wp\/v2\/product_tag?post=621728"}],"curies":[{"name":"wp","href":"https:\/\/api.w.org\/{rel}","templated":true}]}}