{"id":621655,"date":"2025-08-09T19:31:08","date_gmt":"2025-08-09T17:31:08","guid":{"rendered":"https:\/\/lucacastelli.com\/prodotto\/milwaukee-fluessiglackmarker-4\/"},"modified":"2026-04-15T12:13:25","modified_gmt":"2026-04-15T10:13:25","slug":"milwaukee-fluessiglackmarker-4","status":"publish","type":"product","link":"https:\/\/lucacastelli.com\/de\/produkt\/milwaukee-fluessiglackmarker-4\/","title":{"rendered":"MILWAUKEE Lackmarker"},"content":{"rendered":"<p>LACKMARKER &#8211; BLAU<br \/>\nVentilgesteuerter Farbfluss;Acrylspitze f\u00fcr h\u00e4rteste Arbeitsbedingungen: Oberfl\u00e4chentemperatur von -10 \u00b0 bis + 145 \u00b0;Markierung auf dunklen Oberfl\u00e4chen, wo herk\u00f6mmliche Marker schwer erkennbar sind;Einsetzbar auf rauen, staubigen und \u00f6ligen Oberfl\u00e4chen;Zur Verwendung auf Beton, schwarzen Rohren, Aluminium, PVC, Stahl &amp; Edelstahl, Gummi und Reifen;Trocknungszeit 10 Sekunden;Wasser- und UV-best\u00e4ndige Markierung;Permanenter Marker. Markierungen halten bis zu 6 Monate;Metallgeh\u00e4use f\u00fcr maximale Lebensdauer;Xylolfreie Farbe;WICHTIG: Sch\u00fctteln Sie den Marker mit aufgesetzter Kappe. Entfernen Sie die Kappe und dr\u00fccken Sie die Spitze vorsichtig auf die zu markierende Oberfl\u00e4che, bis die Farbe in die Spitze flie\u00dft  <\/p>\n<p>4932492144<br \/>\n4058546415112<\/p>\n","protected":false},"excerpt":{"rendered":"<p>LACKMARKER &#8211; BLAU<\/p>\n","protected":false},"featured_media":555112,"template":"","meta":{"_seopress_robots_primary_cat":"","_seopress_titles_title":"","_seopress_titles_desc":"","_seopress_robots_index":""},"product_brand":[3407],"product_cat":[5416,33],"product_tag":[3270],"class_list":{"0":"post-621655","1":"product","2":"type-product","3":"status-publish","4":"has-post-thumbnail","6":"product_brand-milwaukee","7":"product_cat-utensili-per-officina","8":"product_cat-attrezzature","9":"product_tag-import-milwau","10":"sws-conto-ricavi-merci-rivendita-macchinari-de","11":"sws-gruppo-iva-iva81-de","13":"first","14":"onbackorder","15":"sale","16":"shipping-taxable","17":"purchasable","18":"product-type-simple"},"_links":{"self":[{"href":"https:\/\/lucacastelli.com\/de\/wp-json\/wp\/v2\/product\/621655","targetHints":{"allow":["GET"]}}],"collection":[{"href":"https:\/\/lucacastelli.com\/de\/wp-json\/wp\/v2\/product"}],"about":[{"href":"https:\/\/lucacastelli.com\/de\/wp-json\/wp\/v2\/types\/product"}],"wp:featuredmedia":[{"embeddable":true,"href":"https:\/\/lucacastelli.com\/de\/wp-json\/wp\/v2\/media\/555112"}],"wp:attachment":[{"href":"https:\/\/lucacastelli.com\/de\/wp-json\/wp\/v2\/media?parent=621655"}],"wp:term":[{"taxonomy":"product_brand","embeddable":true,"href":"https:\/\/lucacastelli.com\/de\/wp-json\/wp\/v2\/product_brand?post=621655"},{"taxonomy":"product_cat","embeddable":true,"href":"https:\/\/lucacastelli.com\/de\/wp-json\/wp\/v2\/product_cat?post=621655"},{"taxonomy":"product_tag","embeddable":true,"href":"https:\/\/lucacastelli.com\/de\/wp-json\/wp\/v2\/product_tag?post=621655"}],"curies":[{"name":"wp","href":"https:\/\/api.w.org\/{rel}","templated":true}]}}