{"id":621640,"date":"2025-08-09T19:13:57","date_gmt":"2025-08-09T17:13:57","guid":{"rendered":"https:\/\/lucacastelli.com\/prodotto\/milwaukee-%c2%bd%e2%80%b3-erweiterungen-2\/"},"modified":"2025-08-09T19:13:57","modified_gmt":"2025-08-09T17:13:57","slug":"milwaukee-%c2%bd%e2%80%b3-erweiterungen-2","status":"publish","type":"product","link":"https:\/\/lucacastelli.com\/de\/produkt\/milwaukee-%c2%bd%e2%80%b3-erweiterungen-2\/","title":{"rendered":"Milwaukee \u00bd\u2033 Erweiterungen"},"content":{"rendered":"<p>PROLONG 1\/2&#8221; &#8211; 381 mm<br \/>\nPr\u00e4zisionsr\u00e4ndelung am Schaft und am weiblichen Ende f\u00fcr mehr Grip und Kontrolle.;Lasergedruckt zur schnellen und einfachen Identifizierung.;Verchromte Oberfl\u00e4che zum Schutz vor Korrosion und Rost.<\/p>\n<p>4932480918<br \/>\n4058546412036<\/p>\n","protected":false},"excerpt":{"rendered":"<p>VERL\u00c4NGERUNG 1\/2&#8221; &#8211; 381 mm<\/p>\n","protected":false},"featured_media":554450,"template":"","meta":{"_seopress_robots_primary_cat":"","_seopress_titles_title":"","_seopress_titles_desc":"","_seopress_robots_index":""},"product_brand":[3407],"product_cat":[5416,33],"product_tag":[3270],"class_list":{"0":"post-621640","1":"product","2":"type-product","3":"status-publish","4":"has-post-thumbnail","6":"product_brand-milwaukee","7":"product_cat-utensili-per-officina","8":"product_cat-attrezzature","9":"product_tag-import-milwau","10":"sws-conto-ricavi-merci-rivendita-macchinari-de","11":"sws-gruppo-iva-iva81-de","13":"first","14":"onbackorder","15":"sale","16":"shipping-taxable","17":"purchasable","18":"product-type-simple"},"_links":{"self":[{"href":"https:\/\/lucacastelli.com\/de\/wp-json\/wp\/v2\/product\/621640","targetHints":{"allow":["GET"]}}],"collection":[{"href":"https:\/\/lucacastelli.com\/de\/wp-json\/wp\/v2\/product"}],"about":[{"href":"https:\/\/lucacastelli.com\/de\/wp-json\/wp\/v2\/types\/product"}],"wp:featuredmedia":[{"embeddable":true,"href":"https:\/\/lucacastelli.com\/de\/wp-json\/wp\/v2\/media\/554450"}],"wp:attachment":[{"href":"https:\/\/lucacastelli.com\/de\/wp-json\/wp\/v2\/media?parent=621640"}],"wp:term":[{"taxonomy":"product_brand","embeddable":true,"href":"https:\/\/lucacastelli.com\/de\/wp-json\/wp\/v2\/product_brand?post=621640"},{"taxonomy":"product_cat","embeddable":true,"href":"https:\/\/lucacastelli.com\/de\/wp-json\/wp\/v2\/product_cat?post=621640"},{"taxonomy":"product_tag","embeddable":true,"href":"https:\/\/lucacastelli.com\/de\/wp-json\/wp\/v2\/product_tag?post=621640"}],"curies":[{"name":"wp","href":"https:\/\/api.w.org\/{rel}","templated":true}]}}