{"id":621639,"date":"2025-08-09T11:40:43","date_gmt":"2025-08-09T09:40:43","guid":{"rendered":"https:\/\/lucacastelli.com\/prodotto\/milwaukee-betonbohrer-premium-serie-10\/"},"modified":"2025-08-09T11:40:43","modified_gmt":"2025-08-09T09:40:43","slug":"milwaukee-betonbohrer-premium-serie-10","status":"publish","type":"product","link":"https:\/\/lucacastelli.com\/de\/produkt\/milwaukee-betonbohrer-premium-serie-10\/","title":{"rendered":"Milwaukee Betonbohrer &#8211; PREMIUM Serie"},"content":{"rendered":"<p>PREMIUM CONCRETE BITTER 7X150 MM -1pcs<br \/>\nWolframkarbid (TCT)-Schneide erm\u00f6glicht das Bohren in Beton, Porenbeton, Ziegel, Schiefer und Granit;Rote Rille zur leichteren Identifizierung;Kann mit D\u00fcbeln verwendet werden, wenn das schl\u00fcssellose Spannfutter verwendet und der Rotationsmodus aktiviert wird<\/p>\n<p>4932471181<br \/>\n4058546288099<\/p>\n","protected":false},"excerpt":{"rendered":"<p>PREMIUM BETONSPITZE 7X150 MM -1St.<\/p>\n","protected":false},"featured_media":531054,"template":"","meta":{"_seopress_robots_primary_cat":"","_seopress_titles_title":"","_seopress_titles_desc":"","_seopress_robots_index":""},"product_brand":[3656],"product_cat":[1454,1553,169,1554],"product_tag":[3272],"class_list":{"0":"post-621639","1":"product","2":"type-product","3":"status-publish","4":"has-post-thumbnail","6":"product_brand-milwaukee-de","7":"product_cat-andere-gerate","8":"product_cat-bohrer-und-schraubendreher","9":"product_cat-maschinen","10":"product_cat-zubehor-fur-bohrmaschinen-und-schraubendreher","11":"product_tag-import-milwau-de","12":"sws-conto-ricavi-merci-rivendita-macchinari-de","13":"sws-gruppo-iva-iva81-de","15":"first","16":"onbackorder","17":"sale","18":"shipping-taxable","19":"purchasable","20":"product-type-simple"},"_links":{"self":[{"href":"https:\/\/lucacastelli.com\/de\/wp-json\/wp\/v2\/product\/621639","targetHints":{"allow":["GET"]}}],"collection":[{"href":"https:\/\/lucacastelli.com\/de\/wp-json\/wp\/v2\/product"}],"about":[{"href":"https:\/\/lucacastelli.com\/de\/wp-json\/wp\/v2\/types\/product"}],"wp:featuredmedia":[{"embeddable":true,"href":"https:\/\/lucacastelli.com\/de\/wp-json\/wp\/v2\/media\/531054"}],"wp:attachment":[{"href":"https:\/\/lucacastelli.com\/de\/wp-json\/wp\/v2\/media?parent=621639"}],"wp:term":[{"taxonomy":"product_brand","embeddable":true,"href":"https:\/\/lucacastelli.com\/de\/wp-json\/wp\/v2\/product_brand?post=621639"},{"taxonomy":"product_cat","embeddable":true,"href":"https:\/\/lucacastelli.com\/de\/wp-json\/wp\/v2\/product_cat?post=621639"},{"taxonomy":"product_tag","embeddable":true,"href":"https:\/\/lucacastelli.com\/de\/wp-json\/wp\/v2\/product_tag?post=621639"}],"curies":[{"name":"wp","href":"https:\/\/api.w.org\/{rel}","templated":true}]}}