{"id":621585,"date":"2025-08-09T19:31:10","date_gmt":"2025-08-09T17:31:10","guid":{"rendered":"https:\/\/lucacastelli.com\/prodotto\/milwaukee-23-mm-sichelpflueckeranlage\/"},"modified":"2025-08-09T19:31:10","modified_gmt":"2025-08-09T17:31:10","slug":"milwaukee-23-mm-sichelpflueckeranlage","status":"publish","type":"product","link":"https:\/\/lucacastelli.com\/de\/produkt\/milwaukee-23-mm-sichelpflueckeranlage\/","title":{"rendered":"Milwaukee 23 mm Sichelpfl\u00fcckeranlage"},"content":{"rendered":"<p>28 mm HEX-Erdspie\u00dfschl\u00fcssel 23 mm<br \/>\nF\u00fcr Erdspie\u00dfe und Pf\u00e4hle. Nicht geeignet f\u00fcr Bewehrungsstahl oder Betonstahl;Entwickelt f\u00fcr die Verwendung mit MXE DH2528H;Made in Germany<\/p>\n<p>4932499023<br \/>\n4058546528928<\/p>\n","protected":false},"excerpt":{"rendered":"<p>28 mm HEX-Erdungsstabtreiber 23 mm<\/p>\n","protected":false},"featured_media":567736,"template":"","meta":{"_seopress_robots_primary_cat":"","_seopress_titles_title":"","_seopress_titles_desc":"","_seopress_robots_index":""},"product_brand":[3407],"product_cat":[5416,33],"product_tag":[3270],"class_list":{"0":"post-621585","1":"product","2":"type-product","3":"status-publish","4":"has-post-thumbnail","6":"product_brand-milwaukee","7":"product_cat-utensili-per-officina","8":"product_cat-attrezzature","9":"product_tag-import-milwau","10":"sws-conto-ricavi-merci-rivendita-macchinari-de","11":"sws-gruppo-iva-iva81-de","13":"first","14":"onbackorder","15":"sale","16":"shipping-taxable","17":"purchasable","18":"product-type-simple"},"_links":{"self":[{"href":"https:\/\/lucacastelli.com\/de\/wp-json\/wp\/v2\/product\/621585","targetHints":{"allow":["GET"]}}],"collection":[{"href":"https:\/\/lucacastelli.com\/de\/wp-json\/wp\/v2\/product"}],"about":[{"href":"https:\/\/lucacastelli.com\/de\/wp-json\/wp\/v2\/types\/product"}],"wp:featuredmedia":[{"embeddable":true,"href":"https:\/\/lucacastelli.com\/de\/wp-json\/wp\/v2\/media\/567736"}],"wp:attachment":[{"href":"https:\/\/lucacastelli.com\/de\/wp-json\/wp\/v2\/media?parent=621585"}],"wp:term":[{"taxonomy":"product_brand","embeddable":true,"href":"https:\/\/lucacastelli.com\/de\/wp-json\/wp\/v2\/product_brand?post=621585"},{"taxonomy":"product_cat","embeddable":true,"href":"https:\/\/lucacastelli.com\/de\/wp-json\/wp\/v2\/product_cat?post=621585"},{"taxonomy":"product_tag","embeddable":true,"href":"https:\/\/lucacastelli.com\/de\/wp-json\/wp\/v2\/product_tag?post=621585"}],"curies":[{"name":"wp","href":"https:\/\/api.w.org\/{rel}","templated":true}]}}