{"id":621582,"date":"2025-08-09T19:31:41","date_gmt":"2025-08-09T17:31:41","guid":{"rendered":"https:\/\/lucacastelli.com\/prodotto\/milwaukee-abisolierzange-2\/"},"modified":"2025-08-09T19:31:41","modified_gmt":"2025-08-09T17:31:41","slug":"milwaukee-abisolierzange-2","status":"publish","type":"product","link":"https:\/\/lucacastelli.com\/de\/produkt\/milwaukee-abisolierzange-2\/","title":{"rendered":"Milwaukee Abisolierzange"},"content":{"rendered":"<p>1000V Abisolierzange 160mm<br \/>\nGepr\u00fcft auf 10.000V und garantiert auf 1000V, getestet auf -40\u00b0 ,DIN ISO 5746, DIN EN\/IEC 60900;Stahlklingen sind vollst\u00e4ndig geschmiedet, geh\u00e4rtet und angelassen f\u00fcr maximale Haltbarkeit. Nicht reflektierende graue Titan-Oberfl\u00e4chenbeschichtung f\u00fcr maximale Korrosionsbest\u00e4ndigkeit;Induktionsgeh\u00e4rtete Schneiden zum Schneiden selbst der h\u00e4rtesten Materialien;Pr\u00e4zises und flexibles Gelenk f\u00fcr maximale Kraft\u00fcbertragung f\u00fcr leichtes und m\u00fcheloses Arbeiten;Ergonomischer Griff mit Softgrip f\u00fcr Komfort und Griffigkeit <\/p>\n<p>4932464573<br \/>\n4058546225186<\/p>\n","protected":false},"excerpt":{"rendered":"<p>1000V Abisolierzange 160mm<\/p>\n","protected":false},"featured_media":529458,"template":"","meta":{"_seopress_robots_primary_cat":"","_seopress_titles_title":"","_seopress_titles_desc":"","_seopress_robots_index":""},"product_brand":[3407],"product_cat":[5416,33],"product_tag":[3270],"class_list":{"0":"post-621582","1":"product","2":"type-product","3":"status-publish","4":"has-post-thumbnail","6":"product_brand-milwaukee","7":"product_cat-utensili-per-officina","8":"product_cat-attrezzature","9":"product_tag-import-milwau","10":"sws-conto-ricavi-merci-rivendita-macchinari-de","11":"sws-gruppo-iva-iva81-de","13":"first","14":"onbackorder","15":"sale","16":"shipping-taxable","17":"purchasable","18":"product-type-simple"},"_links":{"self":[{"href":"https:\/\/lucacastelli.com\/de\/wp-json\/wp\/v2\/product\/621582","targetHints":{"allow":["GET"]}}],"collection":[{"href":"https:\/\/lucacastelli.com\/de\/wp-json\/wp\/v2\/product"}],"about":[{"href":"https:\/\/lucacastelli.com\/de\/wp-json\/wp\/v2\/types\/product"}],"wp:featuredmedia":[{"embeddable":true,"href":"https:\/\/lucacastelli.com\/de\/wp-json\/wp\/v2\/media\/529458"}],"wp:attachment":[{"href":"https:\/\/lucacastelli.com\/de\/wp-json\/wp\/v2\/media?parent=621582"}],"wp:term":[{"taxonomy":"product_brand","embeddable":true,"href":"https:\/\/lucacastelli.com\/de\/wp-json\/wp\/v2\/product_brand?post=621582"},{"taxonomy":"product_cat","embeddable":true,"href":"https:\/\/lucacastelli.com\/de\/wp-json\/wp\/v2\/product_cat?post=621582"},{"taxonomy":"product_tag","embeddable":true,"href":"https:\/\/lucacastelli.com\/de\/wp-json\/wp\/v2\/product_tag?post=621582"}],"curies":[{"name":"wp","href":"https:\/\/api.w.org\/{rel}","templated":true}]}}