{"id":621581,"date":"2025-08-09T19:31:02","date_gmt":"2025-08-09T17:31:02","guid":{"rendered":"https:\/\/lucacastelli.com\/prodotto\/milwaukee-tintenmarker-mit-grosser-spitze\/"},"modified":"2025-08-09T19:31:02","modified_gmt":"2025-08-09T17:31:02","slug":"milwaukee-tintenmarker-mit-grosser-spitze","status":"publish","type":"product","link":"https:\/\/lucacastelli.com\/de\/produkt\/milwaukee-tintenmarker-mit-grosser-spitze\/","title":{"rendered":"Milwaukee Tintenmarker mit gro\u00dfer Spitze"},"content":{"rendered":"<p>MARKER PEN INDEL. L-WIDE TIP L-RED -1pcs<br \/>\nBeh\u00e4lt die Schreibf\u00e4higkeit auch nach 72 Stunden ohne Kappe bei;Kann auf feuchten, \u00f6ligen, rostigen und mit Schmutz bedeckten Oberfl\u00e4chen verwendet werden;F\u00fcr den Einsatz auf Beton, Holz, Metall, Sperrholz, OSB und Kunststoff;Schnelles Trocknen der Tinte &#8211; reduziert das Verschmieren auf PVC- und Metalloberfl\u00e4chen;Einfaches Ablesen auf gro\u00dfe Entfernungen dank des extra breiten Strichs <\/p>\n<p>4932471556<br \/>\n4058546294557<\/p>\n","protected":false},"excerpt":{"rendered":"<p>INDEL. MARKER L-BREITER PUNKT L-ROT -1St. <\/p>\n","protected":false},"featured_media":536909,"template":"","meta":{"_seopress_robots_primary_cat":"","_seopress_titles_title":"","_seopress_titles_desc":"","_seopress_robots_index":""},"product_brand":[3407],"product_cat":[5416,33],"product_tag":[3270],"class_list":{"0":"post-621581","1":"product","2":"type-product","3":"status-publish","4":"has-post-thumbnail","6":"product_brand-milwaukee","7":"product_cat-utensili-per-officina","8":"product_cat-attrezzature","9":"product_tag-import-milwau","10":"sws-conto-ricavi-merci-rivendita-macchinari-de","11":"sws-gruppo-iva-iva81-de","13":"first","14":"onbackorder","15":"sale","16":"shipping-taxable","17":"purchasable","18":"product-type-simple"},"_links":{"self":[{"href":"https:\/\/lucacastelli.com\/de\/wp-json\/wp\/v2\/product\/621581","targetHints":{"allow":["GET"]}}],"collection":[{"href":"https:\/\/lucacastelli.com\/de\/wp-json\/wp\/v2\/product"}],"about":[{"href":"https:\/\/lucacastelli.com\/de\/wp-json\/wp\/v2\/types\/product"}],"wp:featuredmedia":[{"embeddable":true,"href":"https:\/\/lucacastelli.com\/de\/wp-json\/wp\/v2\/media\/536909"}],"wp:attachment":[{"href":"https:\/\/lucacastelli.com\/de\/wp-json\/wp\/v2\/media?parent=621581"}],"wp:term":[{"taxonomy":"product_brand","embeddable":true,"href":"https:\/\/lucacastelli.com\/de\/wp-json\/wp\/v2\/product_brand?post=621581"},{"taxonomy":"product_cat","embeddable":true,"href":"https:\/\/lucacastelli.com\/de\/wp-json\/wp\/v2\/product_cat?post=621581"},{"taxonomy":"product_tag","embeddable":true,"href":"https:\/\/lucacastelli.com\/de\/wp-json\/wp\/v2\/product_tag?post=621581"}],"curies":[{"name":"wp","href":"https:\/\/api.w.org\/{rel}","templated":true}]}}