{"id":621566,"date":"2025-08-09T19:51:35","date_gmt":"2025-08-09T17:51:35","guid":{"rendered":"https:\/\/lucacastelli.com\/prodotto\/milwaukee-packout-werkzeugkisten\/"},"modified":"2025-08-09T19:51:35","modified_gmt":"2025-08-09T17:51:35","slug":"milwaukee-packout-werkzeugkisten","status":"publish","type":"product","link":"https:\/\/lucacastelli.com\/de\/produkt\/milwaukee-packout-werkzeugkisten\/","title":{"rendered":"MILWAUKEE PACKOUT Werkzeugkisten"},"content":{"rendered":"<p>PACKOUT KASSETTE 4 SCHUBLADEN<br \/>\nEinfacher Zugang zu deinen Werkzeugen, ohne dass du etwas herausnehmen musst.;Kugelgelagerte Stahlschienen tragen bis zu 11 kg Gewicht pro Schublade.;Einfache und schnelle Anpassung der Schubladen durch Unterteilungen. Jeder Schubladenblock wird mit einem Satz schnell verstellbarer Trennw\u00e4nde geliefert, mit denen du die Inneneinteilung der Schubladen individuell anpassen kannst.;Der Sicherheitsb\u00fcgel verhindert ein ungewolltes \u00d6ffnen der Schubladen w\u00e4hrend des Transports und erm\u00f6glicht das Verschlie\u00dfen der Schubladen mit einem Vorh\u00e4ngeschloss.;Seitenverst\u00e4rkungen aus Aluminium.;Hergestellt aus schlagfesten Polymeren f\u00fcr maximale Haltbarkeit.;Innenma\u00dfe: 61 x 416 x 322 (H\u00f6he x L\u00e4nge x Tiefe)<\/p>\n<p>4932493189<br \/>\n4058546480608<\/p>\n","protected":false},"excerpt":{"rendered":"<p>PACKOUT KASSETTE 4 SCHUBLADEN<\/p>\n","protected":false},"featured_media":561266,"template":"","meta":{"_seopress_robots_primary_cat":"","_seopress_titles_title":"","_seopress_titles_desc":"","_seopress_robots_index":""},"product_brand":[3407],"product_cat":[5416,33],"product_tag":[3270],"class_list":{"0":"post-621566","1":"product","2":"type-product","3":"status-publish","4":"has-post-thumbnail","6":"product_brand-milwaukee","7":"product_cat-utensili-per-officina","8":"product_cat-attrezzature","9":"product_tag-import-milwau","10":"sws-conto-ricavi-merci-rivendita-macchinari-de","11":"sws-gruppo-iva-iva81-de","13":"first","14":"onbackorder","15":"sale","16":"shipping-taxable","17":"purchasable","18":"product-type-simple"},"_links":{"self":[{"href":"https:\/\/lucacastelli.com\/de\/wp-json\/wp\/v2\/product\/621566","targetHints":{"allow":["GET"]}}],"collection":[{"href":"https:\/\/lucacastelli.com\/de\/wp-json\/wp\/v2\/product"}],"about":[{"href":"https:\/\/lucacastelli.com\/de\/wp-json\/wp\/v2\/types\/product"}],"wp:featuredmedia":[{"embeddable":true,"href":"https:\/\/lucacastelli.com\/de\/wp-json\/wp\/v2\/media\/561266"}],"wp:attachment":[{"href":"https:\/\/lucacastelli.com\/de\/wp-json\/wp\/v2\/media?parent=621566"}],"wp:term":[{"taxonomy":"product_brand","embeddable":true,"href":"https:\/\/lucacastelli.com\/de\/wp-json\/wp\/v2\/product_brand?post=621566"},{"taxonomy":"product_cat","embeddable":true,"href":"https:\/\/lucacastelli.com\/de\/wp-json\/wp\/v2\/product_cat?post=621566"},{"taxonomy":"product_tag","embeddable":true,"href":"https:\/\/lucacastelli.com\/de\/wp-json\/wp\/v2\/product_tag?post=621566"}],"curies":[{"name":"wp","href":"https:\/\/api.w.org\/{rel}","templated":true}]}}