{"id":621552,"date":"2025-08-09T19:51:29","date_gmt":"2025-08-09T17:51:29","guid":{"rendered":"https:\/\/lucacastelli.com\/prodotto\/milwaukee-packout-thermobehaelter\/"},"modified":"2025-08-09T19:51:29","modified_gmt":"2025-08-09T17:51:29","slug":"milwaukee-packout-thermobehaelter","status":"publish","type":"product","link":"https:\/\/lucacastelli.com\/de\/produkt\/milwaukee-packout-thermobehaelter\/","title":{"rendered":"MILWAUKEE PACKOUT Thermobeh\u00e4lter"},"content":{"rendered":"<p>PACKOUT RIGID THERMAL BAG 1pcs<br \/>\nDoppelte thermische Isolierung h\u00e4lt den Inhalt bis zu 30 Stunden lang kalt; IP65-Schutz verhindert das Austreten von Wasser oder Besch\u00e4digungen durch \u00e4u\u00dfere Verschmutzungen; integrierter Flaschen\u00f6ffner; herausnehmbares Fach, um pers\u00f6nliche Gegenst\u00e4nde vom Eis getrennt aufzubewahren; 15 L Fassungsverm\u00f6gen; hergestellt aus extrem widerstandsf\u00e4higen Polymeren f\u00fcr maximale Haltbarkeit; kompatibel mit dem Rest des PACKOUT\u2122-Systems, um darauf gestapelt zu werden<\/p>\n<p>4932471722<br \/>\n4058546296216<\/p>\n","protected":false},"excerpt":{"rendered":"<p>PACKOUT RIGID COOL BAG 1 St\u00fcck<\/p>\n","protected":false},"featured_media":549682,"template":"","meta":{"_seopress_robots_primary_cat":"","_seopress_titles_title":"","_seopress_titles_desc":"","_seopress_robots_index":""},"product_brand":[3407],"product_cat":[5416,33],"product_tag":[3270],"class_list":{"0":"post-621552","1":"product","2":"type-product","3":"status-publish","4":"has-post-thumbnail","6":"product_brand-milwaukee","7":"product_cat-utensili-per-officina","8":"product_cat-attrezzature","9":"product_tag-import-milwau","10":"sws-conto-ricavi-merci-rivendita-macchinari-de","11":"sws-gruppo-iva-iva81-de","13":"first","14":"onbackorder","15":"sale","16":"shipping-taxable","17":"purchasable","18":"product-type-simple"},"_links":{"self":[{"href":"https:\/\/lucacastelli.com\/de\/wp-json\/wp\/v2\/product\/621552","targetHints":{"allow":["GET"]}}],"collection":[{"href":"https:\/\/lucacastelli.com\/de\/wp-json\/wp\/v2\/product"}],"about":[{"href":"https:\/\/lucacastelli.com\/de\/wp-json\/wp\/v2\/types\/product"}],"wp:featuredmedia":[{"embeddable":true,"href":"https:\/\/lucacastelli.com\/de\/wp-json\/wp\/v2\/media\/549682"}],"wp:attachment":[{"href":"https:\/\/lucacastelli.com\/de\/wp-json\/wp\/v2\/media?parent=621552"}],"wp:term":[{"taxonomy":"product_brand","embeddable":true,"href":"https:\/\/lucacastelli.com\/de\/wp-json\/wp\/v2\/product_brand?post=621552"},{"taxonomy":"product_cat","embeddable":true,"href":"https:\/\/lucacastelli.com\/de\/wp-json\/wp\/v2\/product_cat?post=621552"},{"taxonomy":"product_tag","embeddable":true,"href":"https:\/\/lucacastelli.com\/de\/wp-json\/wp\/v2\/product_tag?post=621552"}],"curies":[{"name":"wp","href":"https:\/\/api.w.org\/{rel}","templated":true}]}}