{"id":621546,"date":"2025-08-09T19:51:28","date_gmt":"2025-08-09T17:51:28","guid":{"rendered":"https:\/\/lucacastelli.com\/prodotto\/milwaukee-packout-xl-thermobehaelter\/"},"modified":"2025-08-09T19:51:28","modified_gmt":"2025-08-09T17:51:28","slug":"milwaukee-packout-xl-thermobehaelter","status":"publish","type":"product","link":"https:\/\/lucacastelli.com\/de\/produkt\/milwaukee-packout-xl-thermobehaelter\/","title":{"rendered":"MILWAUKEE PACKOUT XL Thermobeh\u00e4lter"},"content":{"rendered":"<p>PACKOUT XL THERMAL CONTAINER<br \/>\nDoppelte W\u00e4rmeisolierung h\u00e4lt den Inhalt bis zu 5 Tage lang kalt;IP65-Schutz verhindert das Auslaufen von Wasser und Sch\u00e4den durch Fremdk\u00f6rper;38 L Fassungsverm\u00f6gen;Herausnehmbare Schale, um den Inhalt vom Eiswasser am Boden zu trennen;Integrierter Flaschen\u00f6ffner;Hergestellt aus schlagfesten Polymeren f\u00fcr maximale Haltbarkeit auf der Baustelle;Teil des modularen PACKOUT\u2122-Lagersystems<\/p>\n<p>4932478648<br \/>\n4058546348410<\/p>\n","protected":false},"excerpt":{"rendered":"<p>PACKOUT THERMOBEH\u00c4LTER XL<\/p>\n","protected":false},"featured_media":541410,"template":"","meta":{"_seopress_robots_primary_cat":"","_seopress_titles_title":"","_seopress_titles_desc":"","_seopress_robots_index":""},"product_brand":[3407],"product_cat":[5416,33],"product_tag":[3270],"class_list":{"0":"post-621546","1":"product","2":"type-product","3":"status-publish","4":"has-post-thumbnail","6":"product_brand-milwaukee","7":"product_cat-utensili-per-officina","8":"product_cat-attrezzature","9":"product_tag-import-milwau","10":"sws-conto-ricavi-merci-rivendita-macchinari-de","11":"sws-gruppo-iva-iva81-de","13":"first","14":"onbackorder","15":"sale","16":"shipping-taxable","17":"purchasable","18":"product-type-simple"},"_links":{"self":[{"href":"https:\/\/lucacastelli.com\/de\/wp-json\/wp\/v2\/product\/621546","targetHints":{"allow":["GET"]}}],"collection":[{"href":"https:\/\/lucacastelli.com\/de\/wp-json\/wp\/v2\/product"}],"about":[{"href":"https:\/\/lucacastelli.com\/de\/wp-json\/wp\/v2\/types\/product"}],"wp:featuredmedia":[{"embeddable":true,"href":"https:\/\/lucacastelli.com\/de\/wp-json\/wp\/v2\/media\/541410"}],"wp:attachment":[{"href":"https:\/\/lucacastelli.com\/de\/wp-json\/wp\/v2\/media?parent=621546"}],"wp:term":[{"taxonomy":"product_brand","embeddable":true,"href":"https:\/\/lucacastelli.com\/de\/wp-json\/wp\/v2\/product_brand?post=621546"},{"taxonomy":"product_cat","embeddable":true,"href":"https:\/\/lucacastelli.com\/de\/wp-json\/wp\/v2\/product_cat?post=621546"},{"taxonomy":"product_tag","embeddable":true,"href":"https:\/\/lucacastelli.com\/de\/wp-json\/wp\/v2\/product_tag?post=621546"}],"curies":[{"name":"wp","href":"https:\/\/api.w.org\/{rel}","templated":true}]}}