{"id":621540,"date":"2025-08-09T19:51:27","date_gmt":"2025-08-09T17:51:27","guid":{"rendered":"https:\/\/lucacastelli.com\/prodotto\/milwaukee-packout-lagerhaken-8\/"},"modified":"2025-08-09T19:51:27","modified_gmt":"2025-08-09T17:51:27","slug":"milwaukee-packout-lagerhaken-8","status":"publish","type":"product","link":"https:\/\/lucacastelli.com\/de\/produkt\/milwaukee-packout-lagerhaken-8\/","title":{"rendered":"MILWAUKEE PACKOUT Lagerhaken"},"content":{"rendered":"<p>PACKOUT STRAIGHT MULTIPLE HOOK<br \/>\nHochfeste Stahlhaken f\u00fcr die Aufbewahrung von selbst schweren Werkzeugen und Gegenst\u00e4nden.;Die Hakenbeschichtung sch\u00fctzt Haken und h\u00e4ngende Gegenst\u00e4nde.;Schneller und einfacher Zugang zu Werkzeugen.;Sicher und schnell zu montieren dank des Klick- und Entriegelungsmechanismus.;Vollst\u00e4ndig anpassbares System, das es dir erm\u00f6glicht, Arbeitsmittel nach deinen Bed\u00fcrfnissen anzuordnen.;Teil des modularen PACKOUT\u2122-Lagersystems.<\/p>\n<p>4932493384<br \/>\n4058546482558<\/p>\n","protected":false},"excerpt":{"rendered":"<p>PACKOUT GERADE MEHRFACHHAKEN KURZ<\/p>\n","protected":false},"featured_media":562255,"template":"","meta":{"_seopress_robots_primary_cat":"","_seopress_titles_title":"","_seopress_titles_desc":"","_seopress_robots_index":""},"product_brand":[3407],"product_cat":[5416,33],"product_tag":[3270],"class_list":{"0":"post-621540","1":"product","2":"type-product","3":"status-publish","4":"has-post-thumbnail","6":"product_brand-milwaukee","7":"product_cat-utensili-per-officina","8":"product_cat-attrezzature","9":"product_tag-import-milwau","10":"sws-conto-ricavi-merci-rivendita-macchinari-de","11":"sws-gruppo-iva-iva81-de","13":"first","14":"onbackorder","15":"sale","16":"shipping-taxable","17":"purchasable","18":"product-type-simple"},"_links":{"self":[{"href":"https:\/\/lucacastelli.com\/de\/wp-json\/wp\/v2\/product\/621540","targetHints":{"allow":["GET"]}}],"collection":[{"href":"https:\/\/lucacastelli.com\/de\/wp-json\/wp\/v2\/product"}],"about":[{"href":"https:\/\/lucacastelli.com\/de\/wp-json\/wp\/v2\/types\/product"}],"wp:featuredmedia":[{"embeddable":true,"href":"https:\/\/lucacastelli.com\/de\/wp-json\/wp\/v2\/media\/562255"}],"wp:attachment":[{"href":"https:\/\/lucacastelli.com\/de\/wp-json\/wp\/v2\/media?parent=621540"}],"wp:term":[{"taxonomy":"product_brand","embeddable":true,"href":"https:\/\/lucacastelli.com\/de\/wp-json\/wp\/v2\/product_brand?post=621540"},{"taxonomy":"product_cat","embeddable":true,"href":"https:\/\/lucacastelli.com\/de\/wp-json\/wp\/v2\/product_cat?post=621540"},{"taxonomy":"product_tag","embeddable":true,"href":"https:\/\/lucacastelli.com\/de\/wp-json\/wp\/v2\/product_tag?post=621540"}],"curies":[{"name":"wp","href":"https:\/\/api.w.org\/{rel}","templated":true}]}}