{"id":621527,"date":"2025-08-09T19:51:01","date_gmt":"2025-08-09T17:51:01","guid":{"rendered":"https:\/\/lucacastelli.com\/prodotto\/milwaukee-packout-lagerhaken-3\/"},"modified":"2025-08-09T19:51:01","modified_gmt":"2025-08-09T17:51:01","slug":"milwaukee-packout-lagerhaken-3","status":"publish","type":"product","link":"https:\/\/lucacastelli.com\/de\/produkt\/milwaukee-packout-lagerhaken-3\/","title":{"rendered":"MILWAUKEE PACKOUT Lagerhaken"},"content":{"rendered":"<p>PACKOUT CURVED HOOK<br \/>\nHochfeste Stahlhaken f\u00fcr die Aufbewahrung von selbst schweren Werkzeugen und Gegenst\u00e4nden;Hakenbeschichtung sch\u00fctzt Haken und h\u00e4ngende Gegenst\u00e4nde;Schneller und einfacher Zugang zu Werkzeugen;Sicheres und schnelles System f\u00fcr die Montage dank Klick- und L\u00f6semechanismus;Vollst\u00e4ndig anpassbares System, mit dem du Arbeitsmittel nach deinen Bed\u00fcrfnissen anordnen kannst;Teil des modularen PACKOUT\u2122-Lagersystems<\/p>\n<p>4932480701<br \/>\n4058546409869<\/p>\n","protected":false},"excerpt":{"rendered":"<p>PACKOUT GEBOGENER HAKEN<\/p>\n","protected":false},"featured_media":553575,"template":"","meta":{"_seopress_robots_primary_cat":"","_seopress_titles_title":"","_seopress_titles_desc":"","_seopress_robots_index":""},"product_brand":[3407],"product_cat":[5416,33],"product_tag":[3270],"class_list":{"0":"post-621527","1":"product","2":"type-product","3":"status-publish","4":"has-post-thumbnail","6":"product_brand-milwaukee","7":"product_cat-utensili-per-officina","8":"product_cat-attrezzature","9":"product_tag-import-milwau","10":"sws-conto-ricavi-merci-rivendita-macchinari-de","11":"sws-gruppo-iva-iva81-de","13":"first","14":"onbackorder","15":"sale","16":"shipping-taxable","17":"purchasable","18":"product-type-simple"},"_links":{"self":[{"href":"https:\/\/lucacastelli.com\/de\/wp-json\/wp\/v2\/product\/621527","targetHints":{"allow":["GET"]}}],"collection":[{"href":"https:\/\/lucacastelli.com\/de\/wp-json\/wp\/v2\/product"}],"about":[{"href":"https:\/\/lucacastelli.com\/de\/wp-json\/wp\/v2\/types\/product"}],"wp:featuredmedia":[{"embeddable":true,"href":"https:\/\/lucacastelli.com\/de\/wp-json\/wp\/v2\/media\/553575"}],"wp:attachment":[{"href":"https:\/\/lucacastelli.com\/de\/wp-json\/wp\/v2\/media?parent=621527"}],"wp:term":[{"taxonomy":"product_brand","embeddable":true,"href":"https:\/\/lucacastelli.com\/de\/wp-json\/wp\/v2\/product_brand?post=621527"},{"taxonomy":"product_cat","embeddable":true,"href":"https:\/\/lucacastelli.com\/de\/wp-json\/wp\/v2\/product_cat?post=621527"},{"taxonomy":"product_tag","embeddable":true,"href":"https:\/\/lucacastelli.com\/de\/wp-json\/wp\/v2\/product_tag?post=621527"}],"curies":[{"name":"wp","href":"https:\/\/api.w.org\/{rel}","templated":true}]}}