{"id":621505,"date":"2025-08-09T19:50:52","date_gmt":"2025-08-09T17:50:52","guid":{"rendered":"https:\/\/lucacastelli.com\/prodotto\/milwaukee-packout-organiser-2\/"},"modified":"2026-03-23T20:34:58","modified_gmt":"2026-03-23T19:34:58","slug":"milwaukee-packout-organiser-2","status":"publish","type":"product","link":"https:\/\/lucacastelli.com\/de\/produkt\/milwaukee-packout-organiser-2\/","title":{"rendered":"MILWAUKEE PACKOUT\u2122 Organiser"},"content":{"rendered":"<p>PACKOUT Deep Organiser &#8211; 1pc<br \/>\n50% mehr Platz als der PACKOUT\u2122 Organiser: ideal f\u00fcr die Aufbewahrung von Werkzeugen, Batterien, Ladeger\u00e4ten, gr\u00f6\u00dferem Zubeh\u00f6r und anderen Ausr\u00fcstungsgegenst\u00e4nden;Schnell verstellbare Trennw\u00e4nde erm\u00f6glichen es dem Benutzer, den Innenraum an seine Bed\u00fcrfnisse anzupassen;Gesamtbelastbarkeit von 22 kg;Teil des modularen PACKOUT-Stauraumsystems;Konstruiert, um St\u00f6\u00dfen standzuhalten und selbst unter den extremsten Bedingungen maximale Haltbarkeit zu bieten;IP65-zertifizierte Dichtungen, um Regen und Baustellentr\u00fcmmern zu widerstehen<\/p>\n<p>4932478625<br \/>\n4058546348182<\/p>\n","protected":false},"excerpt":{"rendered":"<p>PACKOUT Deep Organizer &#8211; 1St\u00fcck<\/p>\n","protected":false},"featured_media":541373,"template":"","meta":{"_seopress_robots_primary_cat":"","_seopress_titles_title":"","_seopress_titles_desc":"","_seopress_robots_index":""},"product_brand":[3407],"product_cat":[5416,33],"product_tag":[3270],"class_list":{"0":"post-621505","1":"product","2":"type-product","3":"status-publish","4":"has-post-thumbnail","6":"product_brand-milwaukee","7":"product_cat-utensili-per-officina","8":"product_cat-attrezzature","9":"product_tag-import-milwau","10":"sws-conto-ricavi-merci-rivendita-macchinari-de","11":"sws-gruppo-iva-iva81-de","13":"first","14":"onbackorder","15":"sale","16":"shipping-taxable","17":"purchasable","18":"product-type-simple"},"_links":{"self":[{"href":"https:\/\/lucacastelli.com\/de\/wp-json\/wp\/v2\/product\/621505","targetHints":{"allow":["GET"]}}],"collection":[{"href":"https:\/\/lucacastelli.com\/de\/wp-json\/wp\/v2\/product"}],"about":[{"href":"https:\/\/lucacastelli.com\/de\/wp-json\/wp\/v2\/types\/product"}],"wp:featuredmedia":[{"embeddable":true,"href":"https:\/\/lucacastelli.com\/de\/wp-json\/wp\/v2\/media\/541373"}],"wp:attachment":[{"href":"https:\/\/lucacastelli.com\/de\/wp-json\/wp\/v2\/media?parent=621505"}],"wp:term":[{"taxonomy":"product_brand","embeddable":true,"href":"https:\/\/lucacastelli.com\/de\/wp-json\/wp\/v2\/product_brand?post=621505"},{"taxonomy":"product_cat","embeddable":true,"href":"https:\/\/lucacastelli.com\/de\/wp-json\/wp\/v2\/product_cat?post=621505"},{"taxonomy":"product_tag","embeddable":true,"href":"https:\/\/lucacastelli.com\/de\/wp-json\/wp\/v2\/product_tag?post=621505"}],"curies":[{"name":"wp","href":"https:\/\/api.w.org\/{rel}","templated":true}]}}