{"id":621496,"date":"2025-08-09T19:50:43","date_gmt":"2025-08-09T17:50:43","guid":{"rendered":"https:\/\/lucacastelli.com\/prodotto\/milwaukee-packout-batteriehalterung-2\/"},"modified":"2025-08-09T19:50:43","modified_gmt":"2025-08-09T17:50:43","slug":"milwaukee-packout-batteriehalterung-2","status":"publish","type":"product","link":"https:\/\/lucacastelli.com\/de\/produkt\/milwaukee-packout-batteriehalterung-2\/","title":{"rendered":"MILWAUKEE PACKOUT Batteriehalterung"},"content":{"rendered":"<p>PACKOUT BATTERIEHALTER M12<br \/>\nHilft dir, deine Batterien zu organisieren; Erm\u00f6glicht dir das Einlegen von Batterien f\u00fcr eine sichere Aufbewahrung; Schneller und einfacher Zugang zu allen Batterien; Sicheres und schnelles System zum Zusammenbau dank des Klick- und L\u00f6semechanismus; Vollst\u00e4ndig anpassbares System f\u00fcr deine Bed\u00fcrfnisse; Teil des PACKOUT\u2122 Modulsystems<\/p>\n<p>4932480708<br \/>\n4058546409937<\/p>\n","protected":false},"excerpt":{"rendered":"<p>PACKOUT BATTERIEHALTER M12<\/p>\n","protected":false},"featured_media":553739,"template":"","meta":{"_seopress_robots_primary_cat":"","_seopress_titles_title":"","_seopress_titles_desc":"","_seopress_robots_index":""},"product_brand":[3656],"product_cat":[5529,150],"product_tag":[3272],"class_list":{"0":"post-621496","1":"product","2":"type-product","3":"status-publish","4":"has-post-thumbnail","6":"product_brand-milwaukee-de","7":"product_cat-workshop-tools","8":"product_cat-ausrustung","9":"product_tag-import-milwau-de","10":"sws-conto-ricavi-merci-rivendita-macchinari-de","11":"sws-gruppo-iva-iva81-de","13":"first","14":"onbackorder","15":"sale","16":"shipping-taxable","17":"purchasable","18":"product-type-simple"},"_links":{"self":[{"href":"https:\/\/lucacastelli.com\/de\/wp-json\/wp\/v2\/product\/621496","targetHints":{"allow":["GET"]}}],"collection":[{"href":"https:\/\/lucacastelli.com\/de\/wp-json\/wp\/v2\/product"}],"about":[{"href":"https:\/\/lucacastelli.com\/de\/wp-json\/wp\/v2\/types\/product"}],"wp:featuredmedia":[{"embeddable":true,"href":"https:\/\/lucacastelli.com\/de\/wp-json\/wp\/v2\/media\/553739"}],"wp:attachment":[{"href":"https:\/\/lucacastelli.com\/de\/wp-json\/wp\/v2\/media?parent=621496"}],"wp:term":[{"taxonomy":"product_brand","embeddable":true,"href":"https:\/\/lucacastelli.com\/de\/wp-json\/wp\/v2\/product_brand?post=621496"},{"taxonomy":"product_cat","embeddable":true,"href":"https:\/\/lucacastelli.com\/de\/wp-json\/wp\/v2\/product_cat?post=621496"},{"taxonomy":"product_tag","embeddable":true,"href":"https:\/\/lucacastelli.com\/de\/wp-json\/wp\/v2\/product_tag?post=621496"}],"curies":[{"name":"wp","href":"https:\/\/api.w.org\/{rel}","templated":true}]}}