{"id":621479,"date":"2025-08-09T19:50:40","date_gmt":"2025-08-09T17:50:40","guid":{"rendered":"https:\/\/lucacastelli.com\/prodotto\/milwaukee-packout-fahrbare-regale\/"},"modified":"2025-08-09T19:50:40","modified_gmt":"2025-08-09T17:50:40","slug":"milwaukee-packout-fahrbare-regale","status":"publish","type":"product","link":"https:\/\/lucacastelli.com\/de\/produkt\/milwaukee-packout-fahrbare-regale\/","title":{"rendered":"MILWAUKEE PACKOUT Fahrbare Regale"},"content":{"rendered":"<p>PACKOUT Racking System Kit &#8211; 1pc<br \/>\nDas mobile Regalsystem kann in Fahrzeugen oder an Orten wie Lagerhallen, Garagen usw. an der Wand montiert werden; Schnellverschluss-Konstruktion f\u00fcr einfache Montage, H\u00f6heneinstellung und Entfernung der Regale;Jedes Regal hat eine Tragf\u00e4higkeit von 22 kg;Verst\u00e4rkter Metallrahmen;Hergestellt aus schlagfesten Polymeren;Teil des modularen PACKOUT-Lagersystems;Zertifiziert nach EN 12642, um die Ladungssicherung an Fahrzeugw\u00e4nden zu gew\u00e4hrleisten<\/p>\n<p>4932472127<br \/>\n4058546325237<\/p>\n","protected":false},"excerpt":{"rendered":"<p>PACKOUT Racking System Kit &#8211; 1pc<\/p>\n","protected":false},"featured_media":600355,"template":"","meta":{"_seopress_robots_primary_cat":"","_seopress_titles_title":"","_seopress_titles_desc":"","_seopress_robots_index":""},"product_brand":[3407],"product_cat":[5416,33],"product_tag":[3270],"class_list":{"0":"post-621479","1":"product","2":"type-product","3":"status-publish","4":"has-post-thumbnail","6":"product_brand-milwaukee","7":"product_cat-utensili-per-officina","8":"product_cat-attrezzature","9":"product_tag-import-milwau","10":"sws-conto-ricavi-merci-rivendita-macchinari-de","11":"sws-gruppo-iva-iva81-de","13":"first","14":"onbackorder","15":"sale","16":"shipping-taxable","17":"purchasable","18":"product-type-simple"},"_links":{"self":[{"href":"https:\/\/lucacastelli.com\/de\/wp-json\/wp\/v2\/product\/621479","targetHints":{"allow":["GET"]}}],"collection":[{"href":"https:\/\/lucacastelli.com\/de\/wp-json\/wp\/v2\/product"}],"about":[{"href":"https:\/\/lucacastelli.com\/de\/wp-json\/wp\/v2\/types\/product"}],"wp:featuredmedia":[{"embeddable":true,"href":"https:\/\/lucacastelli.com\/de\/wp-json\/wp\/v2\/media\/600355"}],"wp:attachment":[{"href":"https:\/\/lucacastelli.com\/de\/wp-json\/wp\/v2\/media?parent=621479"}],"wp:term":[{"taxonomy":"product_brand","embeddable":true,"href":"https:\/\/lucacastelli.com\/de\/wp-json\/wp\/v2\/product_brand?post=621479"},{"taxonomy":"product_cat","embeddable":true,"href":"https:\/\/lucacastelli.com\/de\/wp-json\/wp\/v2\/product_cat?post=621479"},{"taxonomy":"product_tag","embeddable":true,"href":"https:\/\/lucacastelli.com\/de\/wp-json\/wp\/v2\/product_tag?post=621479"}],"curies":[{"name":"wp","href":"https:\/\/api.w.org\/{rel}","templated":true}]}}