{"id":621446,"date":"2025-08-09T19:50:09","date_gmt":"2025-08-09T17:50:09","guid":{"rendered":"https:\/\/lucacastelli.com\/prodotto\/milwaukee-packout-lagerregale\/"},"modified":"2025-08-09T19:50:09","modified_gmt":"2025-08-09T17:50:09","slug":"milwaukee-packout-lagerregale","status":"publish","type":"product","link":"https:\/\/lucacastelli.com\/de\/produkt\/milwaukee-packout-lagerregale\/","title":{"rendered":"MILWAUKEE PACKOUT Lagerregale"},"content":{"rendered":"<p>PACKOUT CASE HOLDER<br \/>\nEinfacher Zugang zu allen Werkzeugen und Utensilien; Sicheres und schnelles Aufbausystem dank Klick- und Entriegelungsmechanismus; Vollst\u00e4ndig anpassbares System f\u00fcr deine Bed\u00fcrfnisse; Teil des modularen PACKOUT\u2122 Aufbewahrungssystems<\/p>\n<p>4932480706<br \/>\n4058546409913<\/p>\n","protected":false},"excerpt":{"rendered":"<p>PACKOUT PORTAFLACONE<\/p>\n","protected":false},"featured_media":553680,"template":"","meta":{"_seopress_robots_primary_cat":"","_seopress_titles_title":"","_seopress_titles_desc":"","_seopress_robots_index":""},"product_brand":[3407],"product_cat":[5416,33],"product_tag":[3270],"class_list":{"0":"post-621446","1":"product","2":"type-product","3":"status-publish","4":"has-post-thumbnail","6":"product_brand-milwaukee","7":"product_cat-utensili-per-officina","8":"product_cat-attrezzature","9":"product_tag-import-milwau","10":"sws-conto-ricavi-merci-rivendita-macchinari-de","11":"sws-gruppo-iva-iva81-de","13":"first","14":"onbackorder","15":"sale","16":"shipping-taxable","17":"purchasable","18":"product-type-simple"},"_links":{"self":[{"href":"https:\/\/lucacastelli.com\/de\/wp-json\/wp\/v2\/product\/621446","targetHints":{"allow":["GET"]}}],"collection":[{"href":"https:\/\/lucacastelli.com\/de\/wp-json\/wp\/v2\/product"}],"about":[{"href":"https:\/\/lucacastelli.com\/de\/wp-json\/wp\/v2\/types\/product"}],"wp:featuredmedia":[{"embeddable":true,"href":"https:\/\/lucacastelli.com\/de\/wp-json\/wp\/v2\/media\/553680"}],"wp:attachment":[{"href":"https:\/\/lucacastelli.com\/de\/wp-json\/wp\/v2\/media?parent=621446"}],"wp:term":[{"taxonomy":"product_brand","embeddable":true,"href":"https:\/\/lucacastelli.com\/de\/wp-json\/wp\/v2\/product_brand?post=621446"},{"taxonomy":"product_cat","embeddable":true,"href":"https:\/\/lucacastelli.com\/de\/wp-json\/wp\/v2\/product_cat?post=621446"},{"taxonomy":"product_tag","embeddable":true,"href":"https:\/\/lucacastelli.com\/de\/wp-json\/wp\/v2\/product_tag?post=621446"}],"curies":[{"name":"wp","href":"https:\/\/api.w.org\/{rel}","templated":true}]}}