{"id":621434,"date":"2025-08-09T19:50:06","date_gmt":"2025-08-09T17:50:06","guid":{"rendered":"https:\/\/lucacastelli.com\/prodotto\/milwaukee-packout-becher\/"},"modified":"2025-08-09T19:50:06","modified_gmt":"2025-08-09T17:50:06","slug":"milwaukee-packout-becher","status":"publish","type":"product","link":"https:\/\/lucacastelli.com\/de\/produkt\/milwaukee-packout-becher\/","title":{"rendered":"MILWAUKEE PACKOUT\u2122 Becher"},"content":{"rendered":"<p>PACKOUT BORR NER DRINKING CAP 532ml IMPUGN<br \/>\nDoppelwandige Vakuumisolierung, um den ganzen Tag lang hei\u00df und kalt zu halten;18\/8 Edelstahl f\u00fcr maximale Haltbarkeit;Ergonomischer Griff f\u00fcr einen sicheren und bequemen Halt;Sp\u00fclmaschinenfest;Deckel sind mit allen PACKOUT\u2122 Flaschen und Bechern kompatibel;Dreh- und Verschlussmechanismus f\u00fcr die Verbindung mit allen PACKOUT\u2122 Komponenten;Teil des PACKOUT\u2122 Systems<\/p>\n<p>4932493472<\/p>\n","protected":false},"excerpt":{"rendered":"<p>PACKOUT BORR NER DRINKING CAP 532ml IMPUGN<\/p>\n","protected":false},"featured_media":562585,"template":"","meta":{"_seopress_robots_primary_cat":"","_seopress_titles_title":"","_seopress_titles_desc":"","_seopress_robots_index":""},"product_brand":[3656],"product_cat":[150,5529],"product_tag":[3272],"class_list":{"0":"post-621434","1":"product","2":"type-product","3":"status-publish","4":"has-post-thumbnail","6":"product_brand-milwaukee-de","7":"product_cat-ausrustung","8":"product_cat-workshop-tools","9":"product_tag-import-milwau-de","10":"sws-conto-ricavi-merci-rivendita-macchinari-de","11":"sws-gruppo-iva-iva81-de","13":"first","14":"onbackorder","15":"sale","16":"shipping-taxable","17":"purchasable","18":"product-type-simple"},"_links":{"self":[{"href":"https:\/\/lucacastelli.com\/de\/wp-json\/wp\/v2\/product\/621434","targetHints":{"allow":["GET"]}}],"collection":[{"href":"https:\/\/lucacastelli.com\/de\/wp-json\/wp\/v2\/product"}],"about":[{"href":"https:\/\/lucacastelli.com\/de\/wp-json\/wp\/v2\/types\/product"}],"wp:featuredmedia":[{"embeddable":true,"href":"https:\/\/lucacastelli.com\/de\/wp-json\/wp\/v2\/media\/562585"}],"wp:attachment":[{"href":"https:\/\/lucacastelli.com\/de\/wp-json\/wp\/v2\/media?parent=621434"}],"wp:term":[{"taxonomy":"product_brand","embeddable":true,"href":"https:\/\/lucacastelli.com\/de\/wp-json\/wp\/v2\/product_brand?post=621434"},{"taxonomy":"product_cat","embeddable":true,"href":"https:\/\/lucacastelli.com\/de\/wp-json\/wp\/v2\/product_cat?post=621434"},{"taxonomy":"product_tag","embeddable":true,"href":"https:\/\/lucacastelli.com\/de\/wp-json\/wp\/v2\/product_tag?post=621434"}],"curies":[{"name":"wp","href":"https:\/\/api.w.org\/{rel}","templated":true}]}}